{"id":3916,"date":"2021-03-09T18:38:23","date_gmt":"2021-03-09T17:38:23","guid":{"rendered":"https:\/\/rh-ose.fr\/?page_id=3916"},"modified":"2024-05-16T19:58:21","modified_gmt":"2024-05-16T17:58:21","slug":"stages-et-autres-evenements","status":"publish","type":"page","link":"https:\/\/rh-ose.fr\/?page_id=3916","title":{"rendered":"Masterclass"},"content":{"rendered":"<div class=\"fusion-fullwidth fullwidth-box fusion-builder-row-1 nonhundred-percent-fullwidth non-hundred-percent-height-scrolling\" style=\"background-color: rgba(255,255,255,0);background-position: center center;background-repeat: no-repeat;padding-top:0px;padding-right:0px;padding-bottom:0px;padding-left:0px;margin-bottom: 0px;margin-top: 0px;border-width: 0px 0px 0px 0px;border-color:#eae9e9;border-style:solid;\" ><div class=\"fusion-builder-row fusion-row\"><div class=\"fusion-layout-column fusion_builder_column fusion-builder-column-0 fusion_builder_column_1_1 1_1 fusion-one-full fusion-column-first fusion-column-last\" style=\"margin-top:0px;margin-bottom:0px;\"><div class=\"fusion-column-wrapper fusion-flex-column-wrapper-legacy\" style=\"background-position:left top;background-repeat:no-repeat;-webkit-background-size:cover;-moz-background-size:cover;-o-background-size:cover;background-size:cover;padding: 0px 0px 0px 0px;\"><div class=\"fusion-text fusion-text-1\"><div class=\"xdj266r x11i5rnm xat24cr x1mh8g0r x1vvkbs x126k92a\">\n<div dir=\"auto\"><img decoding=\"async\" class=\"size-medium wp-image-3961 aligncenter\" src=\"https:\/\/rh-ose.fr\/wp-content\/uploads\/2024\/05\/1-300x300.png\" alt=\"\" width=\"300\" height=\"300\" srcset=\"https:\/\/rh-ose.fr\/wp-content\/uploads\/2024\/05\/1-66x66.png 66w, https:\/\/rh-ose.fr\/wp-content\/uploads\/2024\/05\/1-150x150.png 150w, https:\/\/rh-ose.fr\/wp-content\/uploads\/2024\/05\/1-200x200.png 200w, https:\/\/rh-ose.fr\/wp-content\/uploads\/2024\/05\/1-300x300.png 300w, https:\/\/rh-ose.fr\/wp-content\/uploads\/2024\/05\/1-400x400.png 400w, https:\/\/rh-ose.fr\/wp-content\/uploads\/2024\/05\/1-600x600.png 600w, https:\/\/rh-ose.fr\/wp-content\/uploads\/2024\/05\/1-768x768.png 768w, https:\/\/rh-ose.fr\/wp-content\/uploads\/2024\/05\/1-800x800.png 800w, https:\/\/rh-ose.fr\/wp-content\/uploads\/2024\/05\/1-1024x1024.png 1024w, https:\/\/rh-ose.fr\/wp-content\/uploads\/2024\/05\/1.png 1080w\" sizes=\"(max-width: 300px) 100vw, 300px\" \/><\/div>\n<\/p>\n<div dir=\"auto\"><\/div>\n<div dir=\"auto\" style=\"text-align: center;\"><strong>MASTERCLASS : \ua9c1\u256d\u22b1<span class=\"x3nfvp2 x1j61x8r x1fcty0u xdj266r xhhsvwb xat24cr xgzva0m xxymvpz xlup9mm x1kky2od\"><img decoding=\"async\" class=\"xz74otr\" src=\"https:\/\/static.xx.fbcdn.net\/images\/emoji.php\/v9\/t7f\/1\/16\/1f60a.png\" alt=\"\ud83d\ude0a\" width=\"16\" height=\"16\"><\/span>\ud835\udddf\ud835\uddee \ud835\uddf7\ud835\uddfc\ud835\uddf6\ud835\uddf2 \ud835\uddf0\ud835\uddee \ud835\ude00\u2019\ud835\uddee\ud835\uddfd\ud835\uddfd\ud835\uddff\ud835\uddf2\ud835\uddfb\ud835\uddf1 \ud835\uddf2\ud835\ude01 \ud835\uddf0\ud835\uddee \ud835\ude00\ud835\uddf2 \ud835\uddff\ud835\uddf2\ud835\uddfd\ud835\uddee\ud835\uddfb\ud835\uddf1 !\u22b1\u256e\ua9c2<\/strong><\/div>\n<div dir=\"auto\" style=\"text-align: center;\"><\/div>\n<\/div>\n<div class=\"x11i5rnm xat24cr x1mh8g0r x1vvkbs xtlvy1s x126k92a\">\n<div dir=\"auto\" style=\"text-align: center;\"><strong><span class=\"x3nfvp2 x1j61x8r x1fcty0u xdj266r xhhsvwb xat24cr xgzva0m xxymvpz xlup9mm x1kky2od\"><img decoding=\"async\" class=\"xz74otr\" src=\"https:\/\/static.xx.fbcdn.net\/images\/emoji.php\/v9\/t51\/1\/16\/1f449.png\" alt=\"\ud83d\udc49\" width=\"16\" height=\"16\"><\/span>Et si vous aussi vous deveniez animatrice\/eur en l\u00e2cher prise par le rire<\/strong><\/div>\n<p style=\"text-align: center;\"><strong><br \/><\/strong><\/p>\n<p style=\"text-align: center;\"><strong><br \/><\/strong><\/p>\n<div dir=\"auto\"><\/div>\n<\/div>\n<div class=\"x11i5rnm xat24cr x1mh8g0r x1vvkbs xtlvy1s x126k92a\">\n<div dir=\"auto\"><span class=\"x3nfvp2 x1j61x8r x1fcty0u xdj266r xhhsvwb xat24cr xgzva0m xxymvpz xlup9mm x1kky2od\"><img decoding=\"async\" class=\"xz74otr\" src=\"https:\/\/static.xx.fbcdn.net\/images\/emoji.php\/v9\/t4c\/1\/16\/2753.png\" alt=\"\u2753\" width=\"16\" height=\"16\"><\/span><em><strong>Pourquoi \u00eatre animatrice\/eur en l\u00e2cher prise par le rire<\/strong><\/em> <span class=\"x3nfvp2 x1j61x8r x1fcty0u xdj266r xhhsvwb xat24cr xgzva0m xxymvpz xlup9mm x1kky2od\"><img decoding=\"async\" class=\"xz74otr\" src=\"https:\/\/static.xx.fbcdn.net\/images\/emoji.php\/v9\/t4c\/1\/16\/2753.png\" alt=\"\u2753\" width=\"16\" height=\"16\"><\/span><\/div>\n<p><span class=\"x3nfvp2 x1j61x8r x1fcty0u xdj266r xhhsvwb xat24cr xgzva0m xxymvpz xlup9mm x1kky2od\"><br \/><\/span><\/p>\n<div dir=\"auto\"><\/div>\n<\/div>\n<div class=\"x11i5rnm xat24cr x1mh8g0r x1vvkbs xtlvy1s x126k92a\">\n<div dir=\"auto\"><span class=\"x3nfvp2 x1j61x8r x1fcty0u xdj266r xhhsvwb xat24cr xgzva0m xxymvpz xlup9mm x1kky2od\"><img decoding=\"async\" class=\"xz74otr\" src=\"https:\/\/static.xx.fbcdn.net\/images\/emoji.php\/v9\/tf4\/1\/16\/2728.png\" alt=\"\u2728\" width=\"16\" height=\"16\"><\/span>R\u00e9pandre la joie, l\u2019optimisme et la bonne humeur<\/div>\n<div dir=\"auto\"><span class=\"x3nfvp2 x1j61x8r x1fcty0u xdj266r xhhsvwb xat24cr xgzva0m xxymvpz xlup9mm x1kky2od\"><img decoding=\"async\" class=\"xz74otr\" src=\"https:\/\/static.xx.fbcdn.net\/images\/emoji.php\/v9\/tf4\/1\/16\/2728.png\" alt=\"\u2728\" width=\"16\" height=\"16\"><\/span>Apprendre un nouvel outil et le partager<\/div>\n<div dir=\"auto\"><span class=\"x3nfvp2 x1j61x8r x1fcty0u xdj266r xhhsvwb xat24cr xgzva0m xxymvpz xlup9mm x1kky2od\"><img decoding=\"async\" class=\"xz74otr\" src=\"https:\/\/static.xx.fbcdn.net\/images\/emoji.php\/v9\/tf4\/1\/16\/2728.png\" alt=\"\u2728\" width=\"16\" height=\"16\"><\/span>Changer de vie professionnelle<\/div>\n<div dir=\"auto\"><span class=\"x3nfvp2 x1j61x8r x1fcty0u xdj266r xhhsvwb xat24cr xgzva0m xxymvpz xlup9mm x1kky2od\"><img decoding=\"async\" class=\"xz74otr\" src=\"https:\/\/static.xx.fbcdn.net\/images\/emoji.php\/v9\/tf4\/1\/16\/2728.png\" alt=\"\u2728\" width=\"16\" height=\"16\"><\/span>D\u00e9velopper ta cr\u00e9ativit\u00e9 et ton optimisme<\/div>\n<div dir=\"auto\"><span class=\"x3nfvp2 x1j61x8r x1fcty0u xdj266r xhhsvwb xat24cr xgzva0m xxymvpz xlup9mm x1kky2od\"><img decoding=\"async\" class=\"xz74otr\" src=\"https:\/\/static.xx.fbcdn.net\/images\/emoji.php\/v9\/tf4\/1\/16\/2728.png\" alt=\"\u2728\" width=\"16\" height=\"16\"><\/span>Etre acteur d\u2019un monde plus joyeux<\/div>\n<div dir=\"auto\"><span class=\"x3nfvp2 x1j61x8r x1fcty0u xdj266r xhhsvwb xat24cr xgzva0m xxymvpz xlup9mm x1kky2od\"><img decoding=\"async\" class=\"xz74otr\" src=\"https:\/\/static.xx.fbcdn.net\/images\/emoji.php\/v9\/tf4\/1\/16\/2728.png\" alt=\"\u2728\" width=\"16\" height=\"16\"><\/span>Etre tout de suite capable de cr\u00e9er et animer des ateliers de L\u00e2cher prise par le rire aupr\u00e8s d\u2019un large public<\/div>\n<\/p>\n<\/div>\n<div class=\"x11i5rnm xat24cr x1mh8g0r x1vvkbs xtlvy1s x126k92a\">\n<div dir=\"auto\"><\/div>\n<div dir=\"auto\"><strong><span class=\"x3nfvp2 x1j61x8r x1fcty0u xdj266r xhhsvwb xat24cr xgzva0m xxymvpz xlup9mm x1kky2od\"><img decoding=\"async\" class=\"xz74otr\" src=\"https:\/\/static.xx.fbcdn.net\/images\/emoji.php\/v9\/t4c\/1\/16\/2753.png\" alt=\"\u2753\" width=\"16\" height=\"16\"><\/span><em>Pour qui <span class=\"x3nfvp2 x1j61x8r x1fcty0u xdj266r xhhsvwb xat24cr xgzva0m xxymvpz xlup9mm x1kky2od\"><img decoding=\"async\" class=\"xz74otr\" src=\"https:\/\/static.xx.fbcdn.net\/images\/emoji.php\/v9\/t4c\/1\/16\/2753.png\" alt=\"\u2753\" width=\"16\" height=\"16\"><\/span><\/em><\/strong><\/div>\n<p><strong><em><span class=\"x3nfvp2 x1j61x8r x1fcty0u xdj266r xhhsvwb xat24cr xgzva0m xxymvpz xlup9mm x1kky2od\"><br \/><\/span><\/em><\/strong><\/p>\n<div dir=\"auto\"><\/div>\n<\/div>\n<div class=\"x11i5rnm xat24cr x1mh8g0r x1vvkbs xtlvy1s x126k92a\">\n<div dir=\"auto\"><span class=\"x3nfvp2 x1j61x8r x1fcty0u xdj266r xhhsvwb xat24cr xgzva0m xxymvpz xlup9mm x1kky2od\"><img decoding=\"async\" class=\"xz74otr\" src=\"https:\/\/static.xx.fbcdn.net\/images\/emoji.php\/v9\/tf4\/1\/16\/2728.png\" alt=\"\u2728\" width=\"16\" height=\"16\"><\/span>Les professionnel(le)s de l\u2019accompagnement et de l\u2019animation qui veulent :<\/div>\n<\/p>\n<div dir=\"auto\"><\/div>\n<div dir=\"auto\"><span class=\"x3nfvp2 x1j61x8r x1fcty0u xdj266r xhhsvwb xat24cr xgzva0m xxymvpz xlup9mm x1kky2od\"><img decoding=\"async\" class=\"xz74otr\" src=\"https:\/\/static.xx.fbcdn.net\/images\/emoji.php\/v9\/tac\/1\/16\/1f4cc.png\" alt=\"\ud83d\udccc\" width=\"16\" height=\"16\"><\/span>proposer une nouvelle approche ou renouveler leurs outils d\u2019animation et de formation<\/div>\n<div dir=\"auto\"><span class=\"x3nfvp2 x1j61x8r x1fcty0u xdj266r xhhsvwb xat24cr xgzva0m xxymvpz xlup9mm x1kky2od\"><img decoding=\"async\" class=\"xz74otr\" src=\"https:\/\/static.xx.fbcdn.net\/images\/emoji.php\/v9\/tac\/1\/16\/1f4cc.png\" alt=\"\ud83d\udccc\" width=\"16\" height=\"16\"><\/span>proposer des ateliers collectifs ludiques et joyeux<\/div>\n<\/p>\n<div dir=\"auto\"><\/div>\n<\/div>\n<div class=\"x11i5rnm xat24cr x1mh8g0r x1vvkbs xtlvy1s x126k92a\">\n<div dir=\"auto\"><strong><span class=\"x3nfvp2 x1j61x8r x1fcty0u xdj266r xhhsvwb xat24cr xgzva0m xxymvpz xlup9mm x1kky2od\"><img decoding=\"async\" class=\"xz74otr\" src=\"https:\/\/static.xx.fbcdn.net\/images\/emoji.php\/v9\/t4c\/1\/16\/2753.png\" alt=\"\u2753\" width=\"16\" height=\"16\"><\/span><em>Comment <span class=\"x3nfvp2 x1j61x8r x1fcty0u xdj266r xhhsvwb xat24cr xgzva0m xxymvpz xlup9mm x1kky2od\"><img decoding=\"async\" class=\"xz74otr\" src=\"https:\/\/static.xx.fbcdn.net\/images\/emoji.php\/v9\/t4c\/1\/16\/2753.png\" alt=\"\u2753\" width=\"16\" height=\"16\"><\/span><\/em><\/strong><\/div>\n<p><strong><em><span class=\"x3nfvp2 x1j61x8r x1fcty0u xdj266r xhhsvwb xat24cr xgzva0m xxymvpz xlup9mm x1kky2od\"><br \/><\/span><\/em><\/strong><\/p>\n<div dir=\"auto\"><\/div>\n<\/div>\n<div class=\"x11i5rnm xat24cr x1mh8g0r x1vvkbs xtlvy1s x126k92a\">\n<div dir=\"auto\"><span class=\"x3nfvp2 x1j61x8r x1fcty0u xdj266r xhhsvwb xat24cr xgzva0m xxymvpz xlup9mm x1kky2od\"><img decoding=\"async\" class=\"xz74otr\" src=\"https:\/\/static.xx.fbcdn.net\/images\/emoji.php\/v9\/t2d\/1\/16\/1f4cd.png\" alt=\"\ud83d\udccd\" width=\"16\" height=\"16\"><\/span>Une masterclasse unique de 2 jours en groupe restreint de 6 personnes pour un apprentissage concret et op\u00e9rationnel : 299 euros<\/div>\n<\/p>\n<div dir=\"auto\"><\/div>\n<\/div>\n<div class=\"x11i5rnm xat24cr x1mh8g0r x1vvkbs xtlvy1s x126k92a\">\n<div dir=\"auto\"><strong><span class=\"x3nfvp2 x1j61x8r x1fcty0u xdj266r xhhsvwb xat24cr xgzva0m xxymvpz xlup9mm x1kky2od\"><img decoding=\"async\" class=\"xz74otr\" src=\"https:\/\/static.xx.fbcdn.net\/images\/emoji.php\/v9\/tf1\/1\/16\/1f4af.png\" alt=\"\ud83d\udcaf\" width=\"16\" height=\"16\"><\/span><em>Les plus de la masterclasse <span class=\"x3nfvp2 x1j61x8r x1fcty0u xdj266r xhhsvwb xat24cr xgzva0m xxymvpz xlup9mm x1kky2od\"><img decoding=\"async\" class=\"xz74otr\" src=\"https:\/\/static.xx.fbcdn.net\/images\/emoji.php\/v9\/tf1\/1\/16\/1f4af.png\" alt=\"\ud83d\udcaf\" width=\"16\" height=\"16\"><\/span><\/em><\/strong><\/div>\n<div dir=\"auto\"><\/div>\n<\/div>\n<div class=\"x11i5rnm xat24cr x1mh8g0r x1vvkbs xtlvy1s x126k92a\">\n<div dir=\"auto\"><span class=\"x3nfvp2 x1j61x8r x1fcty0u xdj266r xhhsvwb xat24cr xgzva0m xxymvpz xlup9mm x1kky2od\"><img decoding=\"async\" class=\"xz74otr\" src=\"https:\/\/static.xx.fbcdn.net\/images\/emoji.php\/v9\/tfc\/1\/16\/1f44d.png\" alt=\"\ud83d\udc4d\" width=\"16\" height=\"16\"><\/span>Etre tout de suite op\u00e9rationnel et animer toi aussi des sessions de \u201cl\u00e2cher prise par le rire\u201d aupr\u00e8s d\u2019un large public<\/div>\n<\/div>\n<div class=\"x11i5rnm xat24cr x1mh8g0r x1vvkbs xtlvy1s x126k92a\">\n<div dir=\"auto\"><span class=\"x3nfvp2 x1j61x8r x1fcty0u xdj266r xhhsvwb xat24cr xgzva0m xxymvpz xlup9mm x1kky2od\"><img decoding=\"async\" class=\"xz74otr\" src=\"https:\/\/static.xx.fbcdn.net\/images\/emoji.php\/v9\/tfc\/1\/16\/1f44d.png\" alt=\"\ud83d\udc4d\" width=\"16\" height=\"16\"><\/span>Un groupe Whatsapp de suivi apr\u00e8s la formation<\/div>\n<\/div>\n<div class=\"x11i5rnm xat24cr x1mh8g0r x1vvkbs xtlvy1s x126k92a\">\n<div dir=\"auto\"><span class=\"x3nfvp2 x1j61x8r x1fcty0u xdj266r xhhsvwb xat24cr xgzva0m xxymvpz xlup9mm x1kky2od\"><img decoding=\"async\" class=\"xz74otr\" src=\"https:\/\/static.xx.fbcdn.net\/images\/emoji.php\/v9\/tfc\/1\/16\/1f44d.png\" alt=\"\ud83d\udc4d\" width=\"16\" height=\"16\"><\/span>Un acc\u00e8s au facebook d\u00e9di\u00e9 \u201cPartages et tips des pros du l\u00e2cher prise par le rire\u201d<\/div>\n<\/div>\n<div class=\"x11i5rnm xat24cr x1mh8g0r x1vvkbs xtlvy1s x126k92a\">\n<div dir=\"auto\"><span class=\"x3nfvp2 x1j61x8r x1fcty0u xdj266r xhhsvwb xat24cr xgzva0m xxymvpz xlup9mm x1kky2od\"><img decoding=\"async\" class=\"xz74otr\" src=\"https:\/\/static.xx.fbcdn.net\/images\/emoji.php\/v9\/tfc\/1\/16\/1f44d.png\" alt=\"\ud83d\udc4d\" width=\"16\" height=\"16\"><\/span>Une interview sur le Podcast d\u2019\u00e2me de coeur<\/div>\n<div dir=\"auto\">(<span class=\"html-span xdj266r x11i5rnm xat24cr x1mh8g0r xexx8yu x4uap5 x18d9i69 xkhd6sd x1hl2dhg x16tdsg8 x1vvkbs\"><a class=\"x1i10hfl xjbqb8w x1ejq31n xd10rxx x1sy0etr x17r0tee x972fbf xcfux6l x1qhh985 xm0m39n x9f619 x1ypdohk xt0psk2 xe8uvvx xdj266r x11i5rnm xat24cr x1mh8g0r xexx8yu x4uap5 x18d9i69 xkhd6sd x16tdsg8 x1hl2dhg xggy1nq x1a2a7pz x1sur9pj xkrqix3 x1fey0fg\" tabindex=\"0\" role=\"link\" href=\"https:\/\/l.facebook.com\/l.php?u=https%3A%2F%2Fwww.youtube.com%2F%40Damedecoeurbonnehumeur%3Ffbclid%3DIwZXh0bgNhZW0CMTAAAR1YEeACmIf20dvsVdD79bhHVcjIK1pJLnoMi277uYNhWeCVDP5CRpymVdM_aem_AZ6_3bkYLxMKwvpKraDVgt2z4QDzwLRjQRKmS2DzW2yJ1R8wjHr7xq68lXbpplhb411TvGhH4XymhKa92fEJhUi1&amp;h=AT1dxuC3k2tYPUp8Wn-1nTkcPuq3iUZj4Qnr23KlvMiDOL1IGNbVtxEk6uMkpyjeMrFrEt0UVgjJub5NQue6TQKNZaLOaGSrw3dtk_2Tnej8Lcgl_LuvoKY_HLOoCcNBtg&amp;__tn__=-UK-R&amp;c&#091;0&#093;=AT0wZ__ZGsHDtDEhK81vLzoyNMzh7wZvwQ2dSeCkx6oCoHyFAyYyFk57X-6fvmwXC3VRzHYHDGgxj7Hhu5q_uxhoyFSR5gjXqAynOB4pyo6cvaIvzGKUZXzsvCUv5pvnrwqnRtGsDFoCEzEH-u6SPU9HQblSp6dLnFaCMjXkYGToU6WyW_pOpLUHVEhAjkFuA_DpUeE-QRuWtZCtFxgqjDujQQw3icZcu2Ov\" target=\"_blank\" rel=\"nofollow noopener noreferrer\">www.youtube.com\/@Damedecoeurbonnehumeur<\/a><\/span>)<\/div>\n<\/div>\n<div class=\"x11i5rnm xat24cr x1mh8g0r x1vvkbs xtlvy1s x126k92a\">\n<div dir=\"auto\"><span class=\"x3nfvp2 x1j61x8r x1fcty0u xdj266r xhhsvwb xat24cr xgzva0m xxymvpz xlup9mm x1kky2od\"><img decoding=\"async\" class=\"xz74otr\" src=\"https:\/\/static.xx.fbcdn.net\/images\/emoji.php\/v9\/tfc\/1\/16\/1f44d.png\" alt=\"\ud83d\udc4d\" width=\"16\" height=\"16\"><\/span>Etre r\u00e9f\u00e9renc\u00e9 dans le catalogue clients de Rhose<\/div>\n<\/div>\n<div class=\"x11i5rnm xat24cr x1mh8g0r x1vvkbs xtlvy1s x126k92a\">\n<div dir=\"auto\"><span class=\"x3nfvp2 x1j61x8r x1fcty0u xdj266r xhhsvwb xat24cr xgzva0m xxymvpz xlup9mm x1kky2od\"><img decoding=\"async\" class=\"xz74otr\" src=\"https:\/\/static.xx.fbcdn.net\/images\/emoji.php\/v9\/t57\/1\/16\/1f609.png\" alt=\"\ud83d\ude09\" width=\"16\" height=\"16\"><\/span>Je m\u2019inscris pour la formation du 15 et 16 juin en Gironde<\/div>\n<\/p>\n<div dir=\"auto\"><\/div>\n<\/div>\n<div class=\"x11i5rnm xat24cr x1mh8g0r x1vvkbs xtlvy1s x126k92a\">\n<div dir=\"auto\"><span class=\"x3nfvp2 x1j61x8r x1fcty0u xdj266r xhhsvwb xat24cr xgzva0m xxymvpz xlup9mm x1kky2od\"><img decoding=\"async\" class=\"xz74otr\" src=\"https:\/\/static.xx.fbcdn.net\/images\/emoji.php\/v9\/t4d\/1\/16\/1f4de.png\" alt=\"\ud83d\udcde\" width=\"16\" height=\"16\"><\/span>Contactez-moi au 06 82 55 91 19<\/div>\n<div dir=\"auto\">aurelie@rh-ose.fr<\/div>\n<\/p>\n<div dir=\"auto\"><\/div>\n<\/div>\n<div class=\"x11i5rnm xat24cr x1mh8g0r x1vvkbs xtlvy1s x126k92a\">\n<div dir=\"auto\"><strong><span class=\"x3nfvp2 x1j61x8r x1fcty0u xdj266r xhhsvwb xat24cr xgzva0m xxymvpz xlup9mm x1kky2od\"><img decoding=\"async\" class=\"xz74otr\" src=\"https:\/\/static.xx.fbcdn.net\/images\/emoji.php\/v9\/t1a\/1\/16\/1f3f5.png\" alt=\"\ud83c\udff5\" width=\"16\" height=\"16\"><\/span><span class=\"x3nfvp2 x1j61x8r x1fcty0u xdj266r xhhsvwb xat24cr xgzva0m xxymvpz xlup9mm x1kky2od\"><img decoding=\"async\" class=\"xz74otr\" src=\"https:\/\/static.xx.fbcdn.net\/images\/emoji.php\/v9\/ted\/1\/16\/1f4ab.png\" alt=\"\ud83d\udcab\" width=\"16\" height=\"16\"><\/span>Aur\u00e9lie Gaignard<\/strong><\/div>\n<div dir=\"auto\"><strong>Sp\u00e9cialiste en l\u00e2cher prise par le rire -Pr\u00e9vention Sant\u00e9<\/strong><\/div>\n<\/div>\n<div dir=\"auto\"><\/div>\n<div dir=\"auto\"><\/div>\n<div dir=\"auto\"><\/div>\n<\/div><div class=\"fusion-clearfix\"><\/div><\/div><\/div><\/div><\/div>\n","protected":false},"excerpt":{"rendered":"","protected":false},"author":2,"featured_media":0,"parent":0,"menu_order":0,"comment_status":"closed","ping_status":"closed","template":"","meta":{"_exactmetrics_skip_tracking":false,"_exactmetrics_sitenote_active":false,"_exactmetrics_sitenote_note":"","_exactmetrics_sitenote_category":0,"footnotes":""},"yoast_head":"<!-- This site is optimized with the Yoast SEO plugin v24.5 - https:\/\/yoast.com\/wordpress\/plugins\/seo\/ -->\n<title>Masterclass - Rh-Ose<\/title>\n<meta name=\"description\" content=\"Formation : la joie \u00e7a s&#039;apprend et \u00e7a se r\u00e9pand - Cr\u00e9er et animer ses propres ateliers de l\u00e2cher prise par le rire\" \/>\n<meta name=\"robots\" content=\"index, follow, max-snippet:-1, max-image-preview:large, max-video-preview:-1\" \/>\n<link rel=\"canonical\" href=\"https:\/\/rh-ose.fr\/?page_id=3916\" \/>\n<meta property=\"og:locale\" content=\"fr_FR\" \/>\n<meta property=\"og:type\" content=\"article\" \/>\n<meta property=\"og:title\" content=\"Masterclass - Rh-Ose\" \/>\n<meta property=\"og:description\" content=\"Formation : la joie \u00e7a s&#039;apprend et \u00e7a se r\u00e9pand - Cr\u00e9er et animer ses propres ateliers de l\u00e2cher prise par le rire\" \/>\n<meta property=\"og:url\" content=\"https:\/\/rh-ose.fr\/?page_id=3916\" \/>\n<meta property=\"og:site_name\" content=\"Rh-Ose\" \/>\n<meta property=\"article:modified_time\" content=\"2024-05-16T17:58:21+00:00\" \/>\n<meta property=\"og:image\" content=\"https:\/\/rh-ose.fr\/wp-content\/uploads\/2024\/05\/1-300x300.png\" \/>\n<meta name=\"twitter:card\" content=\"summary_large_image\" \/>\n<meta name=\"twitter:label1\" content=\"Dur\u00e9e de lecture estim\u00e9e\" \/>\n\t<meta name=\"twitter:data1\" content=\"8 minutes\" \/>\n<script type=\"application\/ld+json\" class=\"yoast-schema-graph\">{\"@context\":\"https:\/\/schema.org\",\"@graph\":[{\"@type\":\"WebPage\",\"@id\":\"https:\/\/rh-ose.fr\/?page_id=3916\",\"url\":\"https:\/\/rh-ose.fr\/?page_id=3916\",\"name\":\"Masterclass - Rh-Ose\",\"isPartOf\":{\"@id\":\"https:\/\/rh-ose.fr\/#website\"},\"primaryImageOfPage\":{\"@id\":\"https:\/\/rh-ose.fr\/?page_id=3916#primaryimage\"},\"image\":{\"@id\":\"https:\/\/rh-ose.fr\/?page_id=3916#primaryimage\"},\"thumbnailUrl\":\"https:\/\/rh-ose.fr\/wp-content\/uploads\/2024\/05\/1-300x300.png\",\"datePublished\":\"2021-03-09T17:38:23+00:00\",\"dateModified\":\"2024-05-16T17:58:21+00:00\",\"description\":\"Formation : la joie \u00e7a s'apprend et \u00e7a se r\u00e9pand - Cr\u00e9er et animer ses propres ateliers de l\u00e2cher prise par le rire\",\"breadcrumb\":{\"@id\":\"https:\/\/rh-ose.fr\/?page_id=3916#breadcrumb\"},\"inLanguage\":\"fr-FR\",\"potentialAction\":[{\"@type\":\"ReadAction\",\"target\":[\"https:\/\/rh-ose.fr\/?page_id=3916\"]}]},{\"@type\":\"ImageObject\",\"inLanguage\":\"fr-FR\",\"@id\":\"https:\/\/rh-ose.fr\/?page_id=3916#primaryimage\",\"url\":\"https:\/\/rh-ose.fr\/wp-content\/uploads\/2024\/05\/1.png\",\"contentUrl\":\"https:\/\/rh-ose.fr\/wp-content\/uploads\/2024\/05\/1.png\",\"width\":1080,\"height\":1080},{\"@type\":\"BreadcrumbList\",\"@id\":\"https:\/\/rh-ose.fr\/?page_id=3916#breadcrumb\",\"itemListElement\":[{\"@type\":\"ListItem\",\"position\":1,\"name\":\"Accueil\",\"item\":\"https:\/\/rh-ose.fr\/\"},{\"@type\":\"ListItem\",\"position\":2,\"name\":\"Masterclass\"}]},{\"@type\":\"WebSite\",\"@id\":\"https:\/\/rh-ose.fr\/#website\",\"url\":\"https:\/\/rh-ose.fr\/\",\"name\":\"Rh-Ose\",\"description\":\"L&#039;optimisme au coeur de votre entreprise\",\"potentialAction\":[{\"@type\":\"SearchAction\",\"target\":{\"@type\":\"EntryPoint\",\"urlTemplate\":\"https:\/\/rh-ose.fr\/?s={search_term_string}\"},\"query-input\":{\"@type\":\"PropertyValueSpecification\",\"valueRequired\":true,\"valueName\":\"search_term_string\"}}],\"inLanguage\":\"fr-FR\"}]}<\/script>\n<!-- \/ Yoast SEO plugin. -->","yoast_head_json":{"title":"Masterclass - Rh-Ose","description":"Formation : la joie \u00e7a s'apprend et \u00e7a se r\u00e9pand - Cr\u00e9er et animer ses propres ateliers de l\u00e2cher prise par le rire","robots":{"index":"index","follow":"follow","max-snippet":"max-snippet:-1","max-image-preview":"max-image-preview:large","max-video-preview":"max-video-preview:-1"},"canonical":"https:\/\/rh-ose.fr\/?page_id=3916","og_locale":"fr_FR","og_type":"article","og_title":"Masterclass - Rh-Ose","og_description":"Formation : la joie \u00e7a s'apprend et \u00e7a se r\u00e9pand - Cr\u00e9er et animer ses propres ateliers de l\u00e2cher prise par le rire","og_url":"https:\/\/rh-ose.fr\/?page_id=3916","og_site_name":"Rh-Ose","article_modified_time":"2024-05-16T17:58:21+00:00","og_image":[{"url":"https:\/\/rh-ose.fr\/wp-content\/uploads\/2024\/05\/1-300x300.png","type":"","width":"","height":""}],"twitter_card":"summary_large_image","twitter_misc":{"Dur\u00e9e de lecture estim\u00e9e":"8 minutes"},"schema":{"@context":"https:\/\/schema.org","@graph":[{"@type":"WebPage","@id":"https:\/\/rh-ose.fr\/?page_id=3916","url":"https:\/\/rh-ose.fr\/?page_id=3916","name":"Masterclass - Rh-Ose","isPartOf":{"@id":"https:\/\/rh-ose.fr\/#website"},"primaryImageOfPage":{"@id":"https:\/\/rh-ose.fr\/?page_id=3916#primaryimage"},"image":{"@id":"https:\/\/rh-ose.fr\/?page_id=3916#primaryimage"},"thumbnailUrl":"https:\/\/rh-ose.fr\/wp-content\/uploads\/2024\/05\/1-300x300.png","datePublished":"2021-03-09T17:38:23+00:00","dateModified":"2024-05-16T17:58:21+00:00","description":"Formation : la joie \u00e7a s'apprend et \u00e7a se r\u00e9pand - Cr\u00e9er et animer ses propres ateliers de l\u00e2cher prise par le rire","breadcrumb":{"@id":"https:\/\/rh-ose.fr\/?page_id=3916#breadcrumb"},"inLanguage":"fr-FR","potentialAction":[{"@type":"ReadAction","target":["https:\/\/rh-ose.fr\/?page_id=3916"]}]},{"@type":"ImageObject","inLanguage":"fr-FR","@id":"https:\/\/rh-ose.fr\/?page_id=3916#primaryimage","url":"https:\/\/rh-ose.fr\/wp-content\/uploads\/2024\/05\/1.png","contentUrl":"https:\/\/rh-ose.fr\/wp-content\/uploads\/2024\/05\/1.png","width":1080,"height":1080},{"@type":"BreadcrumbList","@id":"https:\/\/rh-ose.fr\/?page_id=3916#breadcrumb","itemListElement":[{"@type":"ListItem","position":1,"name":"Accueil","item":"https:\/\/rh-ose.fr\/"},{"@type":"ListItem","position":2,"name":"Masterclass"}]},{"@type":"WebSite","@id":"https:\/\/rh-ose.fr\/#website","url":"https:\/\/rh-ose.fr\/","name":"Rh-Ose","description":"L&#039;optimisme au coeur de votre entreprise","potentialAction":[{"@type":"SearchAction","target":{"@type":"EntryPoint","urlTemplate":"https:\/\/rh-ose.fr\/?s={search_term_string}"},"query-input":{"@type":"PropertyValueSpecification","valueRequired":true,"valueName":"search_term_string"}}],"inLanguage":"fr-FR"}]}},"_links":{"self":[{"href":"https:\/\/rh-ose.fr\/index.php?rest_route=\/wp\/v2\/pages\/3916"}],"collection":[{"href":"https:\/\/rh-ose.fr\/index.php?rest_route=\/wp\/v2\/pages"}],"about":[{"href":"https:\/\/rh-ose.fr\/index.php?rest_route=\/wp\/v2\/types\/page"}],"author":[{"embeddable":true,"href":"https:\/\/rh-ose.fr\/index.php?rest_route=\/wp\/v2\/users\/2"}],"replies":[{"embeddable":true,"href":"https:\/\/rh-ose.fr\/index.php?rest_route=%2Fwp%2Fv2%2Fcomments&post=3916"}],"version-history":[{"count":10,"href":"https:\/\/rh-ose.fr\/index.php?rest_route=\/wp\/v2\/pages\/3916\/revisions"}],"predecessor-version":[{"id":3977,"href":"https:\/\/rh-ose.fr\/index.php?rest_route=\/wp\/v2\/pages\/3916\/revisions\/3977"}],"wp:attachment":[{"href":"https:\/\/rh-ose.fr\/index.php?rest_route=%2Fwp%2Fv2%2Fmedia&parent=3916"}],"curies":[{"name":"wp","href":"https:\/\/api.w.org\/{rel}","templated":true}]}}