{"id":3542,"date":"2019-11-16T18:36:26","date_gmt":"2019-11-16T17:36:26","guid":{"rendered":"https:\/\/rh-ose.fr\/?page_id=3542"},"modified":"2020-07-03T10:56:02","modified_gmt":"2020-07-03T08:56:02","slug":"blog","status":"publish","type":"page","link":"https:\/\/rh-ose.fr\/?page_id=3542","title":{"rendered":"Blog"},"content":{"rendered":"<div class=\"fusion-fullwidth fullwidth-box fusion-builder-row-1 nonhundred-percent-fullwidth non-hundred-percent-height-scrolling\" style=\"background-color: rgba(255,255,255,0);background-position: center center;background-repeat: no-repeat;padding-top:7%;padding-right:0px;padding-bottom:0px;padding-left:0px;margin-bottom: 0px;margin-top: 0px;border-width: 0px 0px 0px 0px;border-color:#eae9e9;border-style:solid;\" ><div class=\"fusion-builder-row fusion-row\"><div class=\"fusion-layout-column fusion_builder_column fusion-builder-column-0 fusion_builder_column_1_1 1_1 fusion-one-full fusion-column-first fusion-column-last\" style=\"margin-top:0px;margin-bottom:20px;\"><div class=\"fusion-column-wrapper fusion-flex-column-wrapper-legacy\" style=\"background-position:left top;background-repeat:no-repeat;-webkit-background-size:cover;-moz-background-size:cover;-o-background-size:cover;background-size:cover;padding: 0px 0px 0px 0px;\"><div class=\"fusion-blog-shortcode fusion-blog-shortcode-1 fusion-blog-archive fusion-blog-layout-grid-wrapper fusion-blog-pagination\"><style type=\"text\/css\">.fusion-blog-shortcode-1 .fusion-blog-layout-grid .fusion-post-grid{padding:20px;}.fusion-blog-shortcode-1 .fusion-posts-container{margin-left: -20px !important; margin-right:-20px !important;}<\/style><div class=\"fusion-posts-container fusion-posts-container-pagination fusion-no-meta-info fusion-blog-rollover fusion-blog-layout-grid fusion-blog-layout-grid-3 isotope\" data-pages=\"1\" data-grid-col-space=\"40\" style=\"margin: -20px -20px 0;min-height:500px;\"><article id=\"blog-1-post-3836\" class=\"fusion-post-grid post-3836 post type-post status-publish format-standard has-post-thumbnail hentry category-actualite\">\n<div class=\"fusion-post-wrapper\" style=\"background-color:rgba(255,255,255,1);border:1px solid #ebeaea;border-bottom-width:3px;\">\n\n\t\t\t<div class=\"fusion-flexslider flexslider fusion-flexslider-loading fusion-post-slideshow\" style=\"border-color:#ebeaea;\">\n\t\t<ul class=\"slides\">\n\t\t\t\n\t\t\t\t\t\t\t\t\t\t\t\t\t\t<li>\n\n<div  class=\"fusion-image-wrapper\" aria-haspopup=\"true\">\n\t\n\t\n\t\t\n\t\t\t\t\t<img decoding=\"async\" width=\"478\" height=\"720\" src=\"https:\/\/rh-ose.fr\/wp-content\/uploads\/2020\/03\/article2-1.jpg\" class=\"attachment-full size-full wp-post-image\" alt=\"\" srcset=\"https:\/\/rh-ose.fr\/wp-content\/uploads\/2020\/03\/article2-1-200x301.jpg 200w, https:\/\/rh-ose.fr\/wp-content\/uploads\/2020\/03\/article2-1-400x603.jpg 400w, https:\/\/rh-ose.fr\/wp-content\/uploads\/2020\/03\/article2-1.jpg 478w\" sizes=\"(min-width: 2200px) 100vw, (min-width: 824px) 363px, (min-width: 732px) 545px, (min-width: 640px) 732px, \" \/>\n\t\n\n\t\t<div class=\"fusion-rollover\">\n\t<div class=\"fusion-rollover-content\">\n\n\t\t\t\t\t\t\t\t\t\t\t\t\t\t<a class=\"fusion-rollover-link\" href=\"https:\/\/rh-ose.fr\/?p=3836\">Le l\u00e2cher prise par le Rire<\/a>\n\t\t\t\n\t\t\t\t\t\t\t\t\t\t\t\t\t\t\n\t\t\t\t\t\t\t\t\n\t\t\t\t\t\t\t\t\t\t\t\t\t<div class=\"fusion-rollover-sep\"><\/div>\n\t\t\t\t\n\t\t\t\t\t\t\t\t\t\t\t\t\t\t\t\t\t\t<a class=\"fusion-rollover-gallery\" href=\"https:\/\/rh-ose.fr\/wp-content\/uploads\/2020\/03\/article2-1.jpg\" data-id=\"3836\" data-rel=\"iLightbox[gallery]\" data-title=\"\" data-caption=\"\">\n\t\t\t\t\t\tGalerie\t\t\t\t\t<\/a>\n\t\t\t\t\t\t\t\t\t\t\t\t\t\t\n\t\t\t\t\n\t\t\t\t\t\t\t\t\t\t\t\t<h4 class=\"fusion-rollover-title\">\n\t\t\t\t\t<a class=\"fusion-rollover-title-link\" href=\"https:\/\/rh-ose.fr\/?p=3836\">\n\t\t\t\t\t\tLe l\u00e2cher prise par le Rire\t\t\t\t\t<\/a>\n\t\t\t\t<\/h4>\n\t\t\t\n\t\t\t\t\t\t\t\t\t\t\t\t\t\t<div class=\"fusion-rollover-categories\"><a href=\"https:\/\/rh-ose.fr\/?cat=1\" rel=\"tag\">Actualit\u00e9<\/a><\/div>\t\t\t\t\t\n\t\t\n\t\t\t\t<a class=\"fusion-link-wrapper\" href=\"https:\/\/rh-ose.fr\/?p=3836\" aria-label=\"Le l\u00e2cher prise par le Rire\"><\/a>\n\t<\/div>\n<\/div>\n\n\t\n<\/div>\n<\/li>\n\t\t\t\n\t\t\t\n\t\t\t\t\t\t\t\t\t\t\t\t\t\t\t\t\t\t\t\t\t\t\t\t\t\t\t\t\t\t\t\t\t\t\t\t\t\t\t\t\t\t\t\t\t\t\t\t\t\t\t\t\t\t\t\t\t\t\t\t\t\t\t\t\t\t\t\t<\/ul>\n\t<\/div>\n\t<div class=\"fusion-post-content-wrapper\" style=\"padding:30px 25px 20px 25px;\"><div class=\"fusion-post-content post-content\"><h2 class=\"blog-shortcode-post-title entry-title\"><a href=\"https:\/\/rh-ose.fr\/?p=3836\">Le l\u00e2cher prise par le Rire<\/a><\/h2><div class=\"fusion-post-content-container\"><p> Le l\u00e2cher prise par le Rire (Ou Yoga du<\/p><\/div><\/div><\/div><div class=\"fusion-clearfix\"><\/div><\/div>\n<\/article>\n<article id=\"blog-1-post-186\" class=\"fusion-post-grid post-186 post type-post status-publish format-standard has-post-thumbnail hentry category-actualite\">\n<div class=\"fusion-post-wrapper\" style=\"background-color:rgba(255,255,255,1);border:1px solid #ebeaea;border-bottom-width:3px;\">\n\n\t\t\t<div class=\"fusion-flexslider flexslider fusion-flexslider-loading fusion-post-slideshow\" style=\"border-color:#ebeaea;\">\n\t\t<ul class=\"slides\">\n\t\t\t\n\t\t\t\t\t\t\t\t\t\t\t\t\t\t<li>\n\n<div  class=\"fusion-image-wrapper\" aria-haspopup=\"true\">\n\t\n\t\n\t\t\n\t\t\t\t\t<img decoding=\"async\" width=\"934\" height=\"720\" src=\"https:\/\/rh-ose.fr\/wp-content\/uploads\/2020\/03\/Article1-1.png\" class=\"attachment-full size-full wp-post-image\" alt=\"\" srcset=\"https:\/\/rh-ose.fr\/wp-content\/uploads\/2020\/03\/Article1-1-200x154.png 200w, https:\/\/rh-ose.fr\/wp-content\/uploads\/2020\/03\/Article1-1-400x308.png 400w, https:\/\/rh-ose.fr\/wp-content\/uploads\/2020\/03\/Article1-1-600x463.png 600w, https:\/\/rh-ose.fr\/wp-content\/uploads\/2020\/03\/Article1-1-800x617.png 800w, https:\/\/rh-ose.fr\/wp-content\/uploads\/2020\/03\/Article1-1.png 934w\" sizes=\"(min-width: 2200px) 100vw, (min-width: 824px) 363px, (min-width: 732px) 545px, (min-width: 640px) 732px, \" \/>\n\t\n\n\t\t<div class=\"fusion-rollover\">\n\t<div class=\"fusion-rollover-content\">\n\n\t\t\t\t\t\t\t\t\t\t\t\t\t\t<a class=\"fusion-rollover-link\" href=\"https:\/\/rh-ose.fr\/?p=186\">L\u2019optimisme au c\u0153ur de votre entreprise<\/a>\n\t\t\t\n\t\t\t\t\t\t\t\t\t\t\t\t\t\t\n\t\t\t\t\t\t\t\t\n\t\t\t\t\t\t\t\t\t\t\t\t\t<div class=\"fusion-rollover-sep\"><\/div>\n\t\t\t\t\n\t\t\t\t\t\t\t\t\t\t\t\t\t\t\t\t\t\t<a class=\"fusion-rollover-gallery\" href=\"https:\/\/rh-ose.fr\/wp-content\/uploads\/2020\/03\/Article1-1.png\" data-id=\"186\" data-rel=\"iLightbox[gallery]\" data-title=\"\" data-caption=\"\">\n\t\t\t\t\t\tGalerie\t\t\t\t\t<\/a>\n\t\t\t\t\t\t\t\t\t\t\t\t\t\t\n\t\t\t\t\n\t\t\t\t\t\t\t\t\t\t\t\t<h4 class=\"fusion-rollover-title\">\n\t\t\t\t\t<a class=\"fusion-rollover-title-link\" href=\"https:\/\/rh-ose.fr\/?p=186\">\n\t\t\t\t\t\tL\u2019optimisme au c\u0153ur de votre entreprise\t\t\t\t\t<\/a>\n\t\t\t\t<\/h4>\n\t\t\t\n\t\t\t\t\t\t\t\t\t\t\t\t\t\t<div class=\"fusion-rollover-categories\"><a href=\"https:\/\/rh-ose.fr\/?cat=1\" rel=\"tag\">Actualit\u00e9<\/a><\/div>\t\t\t\t\t\n\t\t\n\t\t\t\t<a class=\"fusion-link-wrapper\" href=\"https:\/\/rh-ose.fr\/?p=186\" aria-label=\"L\u2019optimisme au c\u0153ur de votre entreprise\"><\/a>\n\t<\/div>\n<\/div>\n\n\t\n<\/div>\n<\/li>\n\t\t\t\n\t\t\t\n\t\t\t\t\t\t\t\t\t\t\t\t\t\t\t\t\t\t\t\t\t\t\t\t\t\t\t\t\t\t\t\t\t\t\t\t\t\t\t\t\t\t\t\t\t\t\t\t\t\t\t\t\t\t\t\t\t\t\t\t\t\t\t\t\t\t\t\t<\/ul>\n\t<\/div>\n\t<div class=\"fusion-post-content-wrapper\" style=\"padding:30px 25px 20px 25px;\"><div class=\"fusion-post-content post-content\"><h2 class=\"blog-shortcode-post-title entry-title\"><a href=\"https:\/\/rh-ose.fr\/?p=186\">L\u2019optimisme au c\u0153ur de votre entreprise<\/a><\/h2><div class=\"fusion-post-content-container\"><p>Et si la r\u00e9ussite et le d\u00e9veloppement de votre entreprise<\/p><\/div><\/div><\/div><div class=\"fusion-clearfix\"><\/div><\/div>\n<\/article>\n<div class=\"fusion-clearfix\"><\/div><\/div><\/div><div class=\"fusion-clearfix\"><\/div><\/div><\/div><\/div><\/div>\n","protected":false},"excerpt":{"rendered":"","protected":false},"author":1,"featured_media":0,"parent":0,"menu_order":0,"comment_status":"closed","ping_status":"closed","template":"100-width.php","meta":{"_exactmetrics_skip_tracking":false,"_exactmetrics_sitenote_active":false,"_exactmetrics_sitenote_note":"","_exactmetrics_sitenote_category":0,"footnotes":""},"yoast_head":"<!-- This site is optimized with the Yoast SEO plugin v24.5 - https:\/\/yoast.com\/wordpress\/plugins\/seo\/ -->\n<title>Blog - Rh-Ose<\/title>\n<meta name=\"description\" content=\"Suivez notre actualit\u00e9 et lisez nos articles sur la qu\u00eate de mieux-\u00eatre au travail.\" \/>\n<meta name=\"robots\" content=\"index, follow, max-snippet:-1, max-image-preview:large, max-video-preview:-1\" \/>\n<link rel=\"canonical\" href=\"https:\/\/rh-ose.fr\/?page_id=3542\" \/>\n<meta property=\"og:locale\" content=\"fr_FR\" \/>\n<meta property=\"og:type\" content=\"article\" \/>\n<meta property=\"og:title\" content=\"Blog - Rh-Ose\" \/>\n<meta property=\"og:description\" content=\"Suivez notre actualit\u00e9 et lisez nos articles sur la qu\u00eate de mieux-\u00eatre au travail.\" \/>\n<meta property=\"og:url\" content=\"https:\/\/rh-ose.fr\/?page_id=3542\" \/>\n<meta property=\"og:site_name\" content=\"Rh-Ose\" \/>\n<meta property=\"article:modified_time\" content=\"2020-07-03T08:56:02+00:00\" \/>\n<meta name=\"twitter:card\" content=\"summary_large_image\" \/>\n<meta name=\"twitter:label1\" content=\"Dur\u00e9e de lecture estim\u00e9e\" \/>\n\t<meta name=\"twitter:data1\" content=\"2 minutes\" \/>\n<script type=\"application\/ld+json\" class=\"yoast-schema-graph\">{\"@context\":\"https:\/\/schema.org\",\"@graph\":[{\"@type\":\"WebPage\",\"@id\":\"https:\/\/rh-ose.fr\/?page_id=3542\",\"url\":\"https:\/\/rh-ose.fr\/?page_id=3542\",\"name\":\"Blog - Rh-Ose\",\"isPartOf\":{\"@id\":\"https:\/\/rh-ose.fr\/#website\"},\"datePublished\":\"2019-11-16T17:36:26+00:00\",\"dateModified\":\"2020-07-03T08:56:02+00:00\",\"description\":\"Suivez notre actualit\u00e9 et lisez nos articles sur la qu\u00eate de mieux-\u00eatre au travail.\",\"breadcrumb\":{\"@id\":\"https:\/\/rh-ose.fr\/?page_id=3542#breadcrumb\"},\"inLanguage\":\"fr-FR\",\"potentialAction\":[{\"@type\":\"ReadAction\",\"target\":[\"https:\/\/rh-ose.fr\/?page_id=3542\"]}]},{\"@type\":\"BreadcrumbList\",\"@id\":\"https:\/\/rh-ose.fr\/?page_id=3542#breadcrumb\",\"itemListElement\":[{\"@type\":\"ListItem\",\"position\":1,\"name\":\"Accueil\",\"item\":\"https:\/\/rh-ose.fr\/\"},{\"@type\":\"ListItem\",\"position\":2,\"name\":\"Blog\"}]},{\"@type\":\"WebSite\",\"@id\":\"https:\/\/rh-ose.fr\/#website\",\"url\":\"https:\/\/rh-ose.fr\/\",\"name\":\"Rh-Ose\",\"description\":\"L&#039;optimisme au coeur de votre entreprise\",\"potentialAction\":[{\"@type\":\"SearchAction\",\"target\":{\"@type\":\"EntryPoint\",\"urlTemplate\":\"https:\/\/rh-ose.fr\/?s={search_term_string}\"},\"query-input\":{\"@type\":\"PropertyValueSpecification\",\"valueRequired\":true,\"valueName\":\"search_term_string\"}}],\"inLanguage\":\"fr-FR\"}]}<\/script>\n<!-- \/ Yoast SEO plugin. -->","yoast_head_json":{"title":"Blog - Rh-Ose","description":"Suivez notre actualit\u00e9 et lisez nos articles sur la qu\u00eate de mieux-\u00eatre au travail.","robots":{"index":"index","follow":"follow","max-snippet":"max-snippet:-1","max-image-preview":"max-image-preview:large","max-video-preview":"max-video-preview:-1"},"canonical":"https:\/\/rh-ose.fr\/?page_id=3542","og_locale":"fr_FR","og_type":"article","og_title":"Blog - Rh-Ose","og_description":"Suivez notre actualit\u00e9 et lisez nos articles sur la qu\u00eate de mieux-\u00eatre au travail.","og_url":"https:\/\/rh-ose.fr\/?page_id=3542","og_site_name":"Rh-Ose","article_modified_time":"2020-07-03T08:56:02+00:00","twitter_card":"summary_large_image","twitter_misc":{"Dur\u00e9e de lecture estim\u00e9e":"2 minutes"},"schema":{"@context":"https:\/\/schema.org","@graph":[{"@type":"WebPage","@id":"https:\/\/rh-ose.fr\/?page_id=3542","url":"https:\/\/rh-ose.fr\/?page_id=3542","name":"Blog - Rh-Ose","isPartOf":{"@id":"https:\/\/rh-ose.fr\/#website"},"datePublished":"2019-11-16T17:36:26+00:00","dateModified":"2020-07-03T08:56:02+00:00","description":"Suivez notre actualit\u00e9 et lisez nos articles sur la qu\u00eate de mieux-\u00eatre au travail.","breadcrumb":{"@id":"https:\/\/rh-ose.fr\/?page_id=3542#breadcrumb"},"inLanguage":"fr-FR","potentialAction":[{"@type":"ReadAction","target":["https:\/\/rh-ose.fr\/?page_id=3542"]}]},{"@type":"BreadcrumbList","@id":"https:\/\/rh-ose.fr\/?page_id=3542#breadcrumb","itemListElement":[{"@type":"ListItem","position":1,"name":"Accueil","item":"https:\/\/rh-ose.fr\/"},{"@type":"ListItem","position":2,"name":"Blog"}]},{"@type":"WebSite","@id":"https:\/\/rh-ose.fr\/#website","url":"https:\/\/rh-ose.fr\/","name":"Rh-Ose","description":"L&#039;optimisme au coeur de votre entreprise","potentialAction":[{"@type":"SearchAction","target":{"@type":"EntryPoint","urlTemplate":"https:\/\/rh-ose.fr\/?s={search_term_string}"},"query-input":{"@type":"PropertyValueSpecification","valueRequired":true,"valueName":"search_term_string"}}],"inLanguage":"fr-FR"}]}},"_links":{"self":[{"href":"https:\/\/rh-ose.fr\/index.php?rest_route=\/wp\/v2\/pages\/3542"}],"collection":[{"href":"https:\/\/rh-ose.fr\/index.php?rest_route=\/wp\/v2\/pages"}],"about":[{"href":"https:\/\/rh-ose.fr\/index.php?rest_route=\/wp\/v2\/types\/page"}],"author":[{"embeddable":true,"href":"https:\/\/rh-ose.fr\/index.php?rest_route=\/wp\/v2\/users\/1"}],"replies":[{"embeddable":true,"href":"https:\/\/rh-ose.fr\/index.php?rest_route=%2Fwp%2Fv2%2Fcomments&post=3542"}],"version-history":[{"count":5,"href":"https:\/\/rh-ose.fr\/index.php?rest_route=\/wp\/v2\/pages\/3542\/revisions"}],"predecessor-version":[{"id":3898,"href":"https:\/\/rh-ose.fr\/index.php?rest_route=\/wp\/v2\/pages\/3542\/revisions\/3898"}],"wp:attachment":[{"href":"https:\/\/rh-ose.fr\/index.php?rest_route=%2Fwp%2Fv2%2Fmedia&parent=3542"}],"curies":[{"name":"wp","href":"https:\/\/api.w.org\/{rel}","templated":true}]}}