{"id":3458,"date":"2019-11-14T22:53:13","date_gmt":"2019-11-14T21:53:13","guid":{"rendered":"https:\/\/rh-ose.fr\/?page_id=3458"},"modified":"2020-07-03T10:59:25","modified_gmt":"2020-07-03T08:59:25","slug":"contact","status":"publish","type":"page","link":"https:\/\/rh-ose.fr\/?page_id=3458","title":{"rendered":"Contact"},"content":{"rendered":"<div class=\"fusion-fullwidth fullwidth-box fusion-builder-row-1 nonhundred-percent-fullwidth non-hundred-percent-height-scrolling\" style=\"background-color: rgba(255,255,255,0);background-position: left top;background-repeat: no-repeat;padding-top:90px;padding-right:0px;padding-bottom:90px;padding-left:0px;margin-bottom: 0px;margin-top: 0px;border-width: 0px 0px 0px 0px;border-color:#eae9e9;border-style:solid;\" ><div class=\"fusion-builder-row fusion-row\"><div class=\"fusion-layout-column fusion_builder_column fusion-builder-column-0 fusion_builder_column_1_1 1_1 fusion-one-full fusion-column-first fusion-column-last fusion-column-no-min-height\" style=\"margin-top:0px;margin-bottom:50px;\"><div class=\"fusion-column-wrapper fusion-flex-column-wrapper-legacy\" style=\"background-position:left top;background-repeat:no-repeat;-webkit-background-size:cover;-moz-background-size:cover;-o-background-size:cover;background-size:cover;padding: 0px 0px 0px 0px;\"><div class=\"fusion-text fusion-text-1 fusion-animated\" data-animationType=\"fadeInDown\" data-animationDuration=\"0.3\" data-animationOffset=\"100%\"><h1 style=\"text-align: center;\">N&rsquo;h\u00e9sitez pas \u00e0 me contacter !<\/h1>\n<\/div><div class=\"fusion-clearfix\"><\/div><\/div><\/div><div class=\"fusion-layout-column fusion_builder_column fusion-builder-column-1 fusion_builder_column_1_3 1_3 fusion-one-third fusion-column-first\" style=\"width:33.333333333333%;width:calc(33.333333333333% - ( ( 4% + 4% ) * 0.33333333333333 ) );margin-right: 4%;margin-top:0px;margin-bottom:20px;\"><div class=\"fusion-column-wrapper fusion-flex-column-wrapper-legacy\" style=\"background-position:left top;background-repeat:no-repeat;-webkit-background-size:cover;-moz-background-size:cover;-o-background-size:cover;background-size:cover;padding: 0px 0px 0px 0px;\"><div class=\"fusion-clearfix\"><\/div><\/div><\/div><div class=\"fusion-layout-column fusion_builder_column fusion-builder-column-2 fusion_builder_column_1_3 1_3 fusion-one-third fusion-column-no-min-height\" style=\"width:33.333333333333%;width:calc(33.333333333333% - ( ( 4% + 4% ) * 0.33333333333333 ) );margin-right: 4%;margin-top:0px;margin-bottom:50px;\"><div class=\"fusion-column-wrapper fusion-flex-column-wrapper-legacy\" style=\"background-position:left top;background-repeat:no-repeat;-webkit-background-size:cover;-moz-background-size:cover;-o-background-size:cover;background-size:cover;padding: 0px 0px 0px 0px;\"><div class=\"imageframe-align-center\"><span class=\" fusion-imageframe imageframe-none imageframe-1 hover-type-none fusion-animated\" style=\"border-radius:12px;\" data-animationType=\"fadeIn\" data-animationDuration=\"0.3\" data-animationOffset=\"100%\"><img decoding=\"async\" width=\"2560\" height=\"2002\" src=\"https:\/\/rh-ose.fr\/wp-content\/uploads\/2020\/02\/4_PhotoAur\u00e9lieCONTACT-scaled.jpg\" class=\"img-responsive wp-image-3568\" srcset=\"https:\/\/rh-ose.fr\/wp-content\/uploads\/2020\/02\/4_PhotoAur\u00e9lieCONTACT-200x156.jpg 200w, https:\/\/rh-ose.fr\/wp-content\/uploads\/2020\/02\/4_PhotoAur\u00e9lieCONTACT-400x313.jpg 400w, https:\/\/rh-ose.fr\/wp-content\/uploads\/2020\/02\/4_PhotoAur\u00e9lieCONTACT-600x469.jpg 600w, https:\/\/rh-ose.fr\/wp-content\/uploads\/2020\/02\/4_PhotoAur\u00e9lieCONTACT-800x626.jpg 800w, https:\/\/rh-ose.fr\/wp-content\/uploads\/2020\/02\/4_PhotoAur\u00e9lieCONTACT-1200x938.jpg 1200w, https:\/\/rh-ose.fr\/wp-content\/uploads\/2020\/02\/4_PhotoAur\u00e9lieCONTACT-scaled.jpg 2560w\" sizes=\"(max-width: 800px) 100vw, 2560px\" \/><\/span><\/div><div class=\"fusion-clearfix\"><\/div><\/div><\/div><div class=\"fusion-layout-column fusion_builder_column fusion-builder-column-3 fusion_builder_column_1_3 1_3 fusion-one-third fusion-column-last\" style=\"width:33.333333333333%;width:calc(33.333333333333% - ( ( 4% + 4% ) * 0.33333333333333 ) );margin-top:0px;margin-bottom:20px;\"><div class=\"fusion-column-wrapper fusion-flex-column-wrapper-legacy\" style=\"background-position:left top;background-repeat:no-repeat;-webkit-background-size:cover;-moz-background-size:cover;-o-background-size:cover;background-size:cover;padding: 0px 0px 0px 0px;\"><div class=\"fusion-clearfix\"><\/div><\/div><\/div><div class=\"fusion-layout-column fusion_builder_column fusion-builder-column-4 fusion_builder_column_1_4 1_4 fusion-one-fourth fusion-column-first\" style=\"width:25%;width:calc(25% - ( ( 4% + 6% ) * 0.25 ) );margin-right: 4%;margin-top:0px;margin-bottom:20px;\"><div class=\"fusion-column-wrapper fusion-flex-column-wrapper-legacy\" style=\"background-position:left top;background-repeat:no-repeat;-webkit-background-size:cover;-moz-background-size:cover;-o-background-size:cover;background-size:cover;padding: 0px 0px 0px 0px;\"><div class=\"fusion-clearfix\"><\/div><\/div><\/div><div class=\"fusion-layout-column fusion_builder_column fusion-builder-column-5 fusion_builder_column_1_2 1_2 fusion-one-half fusion-animated\" style=\"width:50%;width:calc(50% - ( ( 4% + 6% ) * 0.5 ) );margin-right: 6%;margin-top:0px;margin-bottom:20px;\" data-animationType=\"fadeIn\" data-animationDuration=\"0.3\" data-animationOffset=\"100%\"><div class=\"fusion-column-wrapper fusion-column-has-shadow fusion-flex-column-wrapper-legacy\" style=\"background-position:left top;background-repeat:no-repeat;-webkit-background-size:cover;-moz-background-size:cover;-o-background-size:cover;background-size:cover;border-radius:12px 12px 12px 12px;border:1px solid #ededed;border-radius:12px 12px 12px 12px;overflow:hidden;box-shadow:0px 10px 51px 3px rgba(0,0,0,0.15);;padding: 27px 25px 18px 25px;\"><div class=\"fusion-text fusion-text-2\"><h2 style=\"font-size: 28px; text-align: center;\"><strong>Aur\u00e9lie Gaignard<\/strong><\/h2>\n<\/div><ul class=\"fusion-checklist fusion-checklist-1\" style=\"font-size:21px;line-height:35.7px;\"><li class=\"fusion-li-item\"><span style=\"height:35.7px;width:35.7px;margin-right:14.7px;\" class=\"icon-wrapper circle-no\"><i class=\"fusion-li-icon fa-phone-alt fas\" style=\"color:#dab357;\" aria-hidden=\"true\"><\/i><\/span><div class=\"fusion-li-item-content\" style=\"margin-left:50.4px;\">\n<p style=\"text-align: left;\">06 82 55 91 19<\/p>\n<\/div><\/li><li class=\"fusion-li-item\"><span style=\"height:35.7px;width:35.7px;margin-right:14.7px;\" class=\"icon-wrapper circle-no\"><i class=\"fusion-li-icon fa-at fas\" style=\"color:#dab357;\" aria-hidden=\"true\"><\/i><\/span><div class=\"fusion-li-item-content\" style=\"margin-left:50.4px;\">\n<p style=\"text-align: left;\"><a href=\"mailto:aurelie@rh-ose.fr\">aurelie@rh-ose.fr<\/a><\/p>\n<\/div><\/li><\/ul><\/br>\n<center> \n<a href=\"https:\/\/www.facebook.com\/RhOsepreventionsanteQVT\"><img decoding=\"async\" src=\"https:\/\/rh-ose.fr\/wp-content\/uploads\/2019\/11\/facebook.png\" alt=\"Facebook\"><\/a>\n<a href=\"https:\/\/www.linkedin.com\/in\/aurelie-gaignard-qvt-sophrologue-yogadurire\/\"><img decoding=\"async\" src=\"https:\/\/rh-ose.fr\/wp-content\/uploads\/2019\/11\/linkedin.png\" alt=\"Linkedin\"><\/a>\n<\/center><div class=\"fusion-clearfix\"><\/div><\/div><\/div><div class=\"fusion-layout-column fusion_builder_column fusion-builder-column-6 fusion_builder_column_1_4 1_4 fusion-one-fourth fusion-column-last\" style=\"width:25%;width:calc(25% - ( ( 4% + 6% ) * 0.25 ) );margin-top:0px;margin-bottom:20px;\"><div class=\"fusion-column-wrapper fusion-flex-column-wrapper-legacy\" style=\"background-position:left top;background-repeat:no-repeat;-webkit-background-size:cover;-moz-background-size:cover;-o-background-size:cover;background-size:cover;padding: 0px 0px 0px 0px;\"><div class=\"fusion-clearfix\"><\/div><\/div><\/div><\/div><\/div>\n","protected":false},"excerpt":{"rendered":"","protected":false},"author":1,"featured_media":0,"parent":0,"menu_order":0,"comment_status":"closed","ping_status":"closed","template":"100-width.php","meta":{"_exactmetrics_skip_tracking":false,"_exactmetrics_sitenote_active":false,"_exactmetrics_sitenote_note":"","_exactmetrics_sitenote_category":0,"footnotes":""},"yoast_head":"<!-- This site is optimized with the Yoast SEO plugin v24.5 - https:\/\/yoast.com\/wordpress\/plugins\/seo\/ -->\n<title>Contact - Rh-Ose<\/title>\n<meta name=\"description\" content=\"Vous souhaitez \u00eatre accompagn\u00e9 ou accompagner vos \u00e9quipes pour un meilleur r\u00e9sultat individuel et collectif ? Contactez-moi\u00a0!\" \/>\n<meta name=\"robots\" content=\"index, follow, max-snippet:-1, max-image-preview:large, max-video-preview:-1\" \/>\n<link rel=\"canonical\" href=\"https:\/\/rh-ose.fr\/?page_id=3458\" \/>\n<meta property=\"og:locale\" content=\"fr_FR\" \/>\n<meta property=\"og:type\" content=\"article\" \/>\n<meta property=\"og:title\" content=\"Contact - Rh-Ose\" \/>\n<meta property=\"og:description\" content=\"Vous souhaitez \u00eatre accompagn\u00e9 ou accompagner vos \u00e9quipes pour un meilleur r\u00e9sultat individuel et collectif ? Contactez-moi\u00a0!\" \/>\n<meta property=\"og:url\" content=\"https:\/\/rh-ose.fr\/?page_id=3458\" \/>\n<meta property=\"og:site_name\" content=\"Rh-Ose\" \/>\n<meta property=\"article:modified_time\" content=\"2020-07-03T08:59:25+00:00\" \/>\n<meta name=\"twitter:card\" content=\"summary_large_image\" \/>\n<meta name=\"twitter:label1\" content=\"Dur\u00e9e de lecture estim\u00e9e\" \/>\n\t<meta name=\"twitter:data1\" content=\"3 minutes\" \/>\n<script type=\"application\/ld+json\" class=\"yoast-schema-graph\">{\"@context\":\"https:\/\/schema.org\",\"@graph\":[{\"@type\":\"WebPage\",\"@id\":\"https:\/\/rh-ose.fr\/?page_id=3458\",\"url\":\"https:\/\/rh-ose.fr\/?page_id=3458\",\"name\":\"Contact - Rh-Ose\",\"isPartOf\":{\"@id\":\"https:\/\/rh-ose.fr\/#website\"},\"datePublished\":\"2019-11-14T21:53:13+00:00\",\"dateModified\":\"2020-07-03T08:59:25+00:00\",\"description\":\"Vous souhaitez \u00eatre accompagn\u00e9 ou accompagner vos \u00e9quipes pour un meilleur r\u00e9sultat individuel et collectif ? Contactez-moi\u00a0!\",\"breadcrumb\":{\"@id\":\"https:\/\/rh-ose.fr\/?page_id=3458#breadcrumb\"},\"inLanguage\":\"fr-FR\",\"potentialAction\":[{\"@type\":\"ReadAction\",\"target\":[\"https:\/\/rh-ose.fr\/?page_id=3458\"]}]},{\"@type\":\"BreadcrumbList\",\"@id\":\"https:\/\/rh-ose.fr\/?page_id=3458#breadcrumb\",\"itemListElement\":[{\"@type\":\"ListItem\",\"position\":1,\"name\":\"Accueil\",\"item\":\"https:\/\/rh-ose.fr\/\"},{\"@type\":\"ListItem\",\"position\":2,\"name\":\"Contact\"}]},{\"@type\":\"WebSite\",\"@id\":\"https:\/\/rh-ose.fr\/#website\",\"url\":\"https:\/\/rh-ose.fr\/\",\"name\":\"Rh-Ose\",\"description\":\"L&#039;optimisme au coeur de votre entreprise\",\"potentialAction\":[{\"@type\":\"SearchAction\",\"target\":{\"@type\":\"EntryPoint\",\"urlTemplate\":\"https:\/\/rh-ose.fr\/?s={search_term_string}\"},\"query-input\":{\"@type\":\"PropertyValueSpecification\",\"valueRequired\":true,\"valueName\":\"search_term_string\"}}],\"inLanguage\":\"fr-FR\"}]}<\/script>\n<!-- \/ Yoast SEO plugin. -->","yoast_head_json":{"title":"Contact - Rh-Ose","description":"Vous souhaitez \u00eatre accompagn\u00e9 ou accompagner vos \u00e9quipes pour un meilleur r\u00e9sultat individuel et collectif ? Contactez-moi\u00a0!","robots":{"index":"index","follow":"follow","max-snippet":"max-snippet:-1","max-image-preview":"max-image-preview:large","max-video-preview":"max-video-preview:-1"},"canonical":"https:\/\/rh-ose.fr\/?page_id=3458","og_locale":"fr_FR","og_type":"article","og_title":"Contact - Rh-Ose","og_description":"Vous souhaitez \u00eatre accompagn\u00e9 ou accompagner vos \u00e9quipes pour un meilleur r\u00e9sultat individuel et collectif ? Contactez-moi\u00a0!","og_url":"https:\/\/rh-ose.fr\/?page_id=3458","og_site_name":"Rh-Ose","article_modified_time":"2020-07-03T08:59:25+00:00","twitter_card":"summary_large_image","twitter_misc":{"Dur\u00e9e de lecture estim\u00e9e":"3 minutes"},"schema":{"@context":"https:\/\/schema.org","@graph":[{"@type":"WebPage","@id":"https:\/\/rh-ose.fr\/?page_id=3458","url":"https:\/\/rh-ose.fr\/?page_id=3458","name":"Contact - Rh-Ose","isPartOf":{"@id":"https:\/\/rh-ose.fr\/#website"},"datePublished":"2019-11-14T21:53:13+00:00","dateModified":"2020-07-03T08:59:25+00:00","description":"Vous souhaitez \u00eatre accompagn\u00e9 ou accompagner vos \u00e9quipes pour un meilleur r\u00e9sultat individuel et collectif ? Contactez-moi\u00a0!","breadcrumb":{"@id":"https:\/\/rh-ose.fr\/?page_id=3458#breadcrumb"},"inLanguage":"fr-FR","potentialAction":[{"@type":"ReadAction","target":["https:\/\/rh-ose.fr\/?page_id=3458"]}]},{"@type":"BreadcrumbList","@id":"https:\/\/rh-ose.fr\/?page_id=3458#breadcrumb","itemListElement":[{"@type":"ListItem","position":1,"name":"Accueil","item":"https:\/\/rh-ose.fr\/"},{"@type":"ListItem","position":2,"name":"Contact"}]},{"@type":"WebSite","@id":"https:\/\/rh-ose.fr\/#website","url":"https:\/\/rh-ose.fr\/","name":"Rh-Ose","description":"L&#039;optimisme au coeur de votre entreprise","potentialAction":[{"@type":"SearchAction","target":{"@type":"EntryPoint","urlTemplate":"https:\/\/rh-ose.fr\/?s={search_term_string}"},"query-input":{"@type":"PropertyValueSpecification","valueRequired":true,"valueName":"search_term_string"}}],"inLanguage":"fr-FR"}]}},"_links":{"self":[{"href":"https:\/\/rh-ose.fr\/index.php?rest_route=\/wp\/v2\/pages\/3458"}],"collection":[{"href":"https:\/\/rh-ose.fr\/index.php?rest_route=\/wp\/v2\/pages"}],"about":[{"href":"https:\/\/rh-ose.fr\/index.php?rest_route=\/wp\/v2\/types\/page"}],"author":[{"embeddable":true,"href":"https:\/\/rh-ose.fr\/index.php?rest_route=\/wp\/v2\/users\/1"}],"replies":[{"embeddable":true,"href":"https:\/\/rh-ose.fr\/index.php?rest_route=%2Fwp%2Fv2%2Fcomments&post=3458"}],"version-history":[{"count":6,"href":"https:\/\/rh-ose.fr\/index.php?rest_route=\/wp\/v2\/pages\/3458\/revisions"}],"predecessor-version":[{"id":3965,"href":"https:\/\/rh-ose.fr\/index.php?rest_route=\/wp\/v2\/pages\/3458\/revisions\/3965"}],"wp:attachment":[{"href":"https:\/\/rh-ose.fr\/index.php?rest_route=%2Fwp%2Fv2%2Fmedia&parent=3458"}],"curies":[{"name":"wp","href":"https:\/\/api.w.org\/{rel}","templated":true}]}}