{"id":3398,"date":"2019-11-14T20:59:16","date_gmt":"2019-11-14T19:59:16","guid":{"rendered":"https:\/\/rh-ose.fr\/?page_id=3398"},"modified":"2020-11-30T16:59:16","modified_gmt":"2020-11-30T15:59:16","slug":"qui-suis-je","status":"publish","type":"page","link":"https:\/\/rh-ose.fr\/?page_id=3398","title":{"rendered":"Qui suis-je"},"content":{"rendered":"<p><div class=\"fusion-fullwidth fullwidth-box fusion-builder-row-1 nonhundred-percent-fullwidth non-hundred-percent-height-scrolling\" style=\"background-color: rgba(255,255,255,0);background-position: left top;background-repeat: no-repeat;padding-top:5%;padding-right:0px;padding-bottom:2%;padding-left:0px;margin-bottom: 0px;margin-top: 2%;border-width: 0px 0px 0px 0px;border-color:#eae9e9;border-style:solid;\" ><div class=\"fusion-builder-row fusion-row\"><div class=\"fusion-layout-column fusion_builder_column fusion-builder-column-0 fusion_builder_column_1_2 1_2 fusion-one-half fusion-column-first fusion-animated\" style=\"width:50%;width:calc(50% - ( ( 4% ) * 0.5 ) );margin-right: 4%;margin-top:0px;margin-bottom:20px;\" data-animationType=\"fadeInLeft\" data-animationDuration=\"0.3\" data-animationOffset=\"100%\"><div class=\"fusion-column-wrapper fusion-flex-column-wrapper-legacy\" style=\"background-position:left top;background-repeat:no-repeat;-webkit-background-size:cover;-moz-background-size:cover;-o-background-size:cover;background-size:cover;padding: 0px 0px 0px 0px;\"><div class=\"imageframe-align-center\"><span class=\" fusion-imageframe imageframe-none imageframe-1 hover-type-none\" style=\"width:100%;max-width:400px;\"><img decoding=\"async\" width=\"300\" height=\"300\" alt=\"Aurelie Gaignard\" title=\"Aurelie Gaignard\" src=\"https:\/\/rh-ose.fr\/wp-content\/uploads\/2020\/11\/PHOTO-DE-MOI-NB-300x300.png\" class=\"img-responsive wp-image-3907\" srcset=\"https:\/\/rh-ose.fr\/wp-content\/uploads\/2020\/11\/PHOTO-DE-MOI-NB-200x199.png 200w, https:\/\/rh-ose.fr\/wp-content\/uploads\/2020\/11\/PHOTO-DE-MOI-NB-400x399.png 400w, https:\/\/rh-ose.fr\/wp-content\/uploads\/2020\/11\/PHOTO-DE-MOI-NB-600x598.png 600w, https:\/\/rh-ose.fr\/wp-content\/uploads\/2020\/11\/PHOTO-DE-MOI-NB.png 692w\" sizes=\"(max-width: 800px) 100vw, 600px\" \/><\/span><\/div><div class=\"fusion-text fusion-text-1\"><p style=\"color: #d04794; text-align: center;\"><em>\u00ab\u00a0La vie est un jeu s\u00e9rieux apprenons donc \u00e0 en jouer \u00e0 chaque instant.\u00a0\u00bb<\/em><br \/>\n<em>Je vous souhaite la bienvenue dans mon univers.<\/em><\/p>\n<\/div><div class=\"fusion-clearfix\"><\/div><\/div><\/div><div class=\"fusion-layout-column fusion_builder_column fusion-builder-column-1 fusion_builder_column_1_2 1_2 fusion-one-half fusion-column-last fusion-animated\" style=\"width:50%;width:calc(50% - ( ( 4% ) * 0.5 ) );margin-top:0px;margin-bottom:20px;\" data-animationType=\"fadeInRight\" data-animationDuration=\"0.3\" data-animationOffset=\"100%\"><div class=\"fusion-column-wrapper fusion-flex-column-wrapper-legacy\" style=\"background-position:left top;background-repeat:no-repeat;-webkit-background-size:cover;-moz-background-size:cover;-o-background-size:cover;background-size:cover;padding: 0px 0px 0px 0px;\"><div class=\"fusion-text fusion-text-2\"><h1 style=\"text-align: justify;\">Pr\u00e9sentation<\/h1>\n<\/div><div class=\"fusion-text fusion-text-3 justify\"><p>\u00ab\u00a0Bonjour !<br \/>\nJe suis Aur\u00e9lie Gaignard, fondatrice de Rhose.<\/p>\n<p>Apr\u00e8s des \u00e9tudes de marketing et de commerce, ma vie professionnelle commence aupr\u00e8s de la famille Servan Schreiber dans le d\u00e9veloppement commercial du Magazine Psychologie Magazine.<\/p>\n<p>Puis, celle-ci me portera vers des postes dans l&rsquo;univers des m\u00e9dia, de la pub puis de la formation.<\/p>\n<p>La suite de mon aventure professionnelle se fait dans l\u2019entreprenariat.<\/p>\n<\/div><div class=\"fusion-clearfix\"><\/div><\/div><\/div><\/div><\/div><div class=\"fusion-fullwidth fullwidth-box fusion-builder-row-2 nonhundred-percent-fullwidth non-hundred-percent-height-scrolling\" style=\"background-color: rgba(255,255,255,0);background-position: left top;background-repeat: no-repeat;padding-top:0px;padding-right:0px;padding-bottom:0px;padding-left:0px;margin-bottom: 0px;margin-top: 0px;border-width: 0px 0px 0px 0px;border-color:#eae9e9;border-style:solid;\" ><div class=\"fusion-builder-row fusion-row\"><div class=\"fusion-layout-column fusion_builder_column fusion-builder-column-2 fusion_builder_column_1_2 1_2 fusion-one-half fusion-column-first resppadding\" style=\"margin-top:0px;margin-bottom:0px;\"><div class=\"fusion-column-wrapper fusion-flex-column-wrapper-legacy\" style=\"background-position:left top;background-repeat:no-repeat;-webkit-background-size:cover;-moz-background-size:cover;-o-background-size:cover;background-size:cover;padding: 0px 7% 0px 2%;\"><div class=\"fusion-column-content-centered\"><div class=\"fusion-column-content\"><div class=\"fusion-text fusion-text-4 justify\"><p><span style=\"text-align: justify;\"><strong>A travers ces diverses exp\u00e9riences j&rsquo;ai parfois v\u00e9cu des r\u00e9alit\u00e9s stressantes, difficiles et compliqu\u00e9es que j&rsquo;aurai aim\u00e9 vivre diff\u00e9remment&#8230;<\/strong><\/span><\/p>\n<p><span style=\"text-align: justify;\">Vous savez quand votre quotidien pro c&rsquo;est :<\/span><\/p>\n<ul>\n<li>se r\u00e9veiller la nuit ou avoir du mal \u00e0 trouver le sommeil parce que le chiffre du mois n&rsquo;est pas atteint,<\/li>\n<li>ne pas r\u00e9ussir \u00e0 concilier vie perso et vie pro et se sentir d\u00e9bord\u00e9e de tout,<\/li>\n<li>ramener un dossier urgent \u00e0 finir pour le lendemain matin,<\/li>\n<li>r\u00e9pondre \u00e0 un client pendant ses 10 jours off,<\/li>\n<li>batailler pour pouvoir partir 12 jours sous le soleil pour se reposer,<\/li>\n<li>ne plus savoir si les valeurs de l&rsquo;entreprise correspondent aux v\u00f4tres ?<\/li>\n<li>Ou en tant que dirigeant d\u2019une TPE ou PME \u00eatre focalis\u00e9e sur le d\u00e9veloppement de son activit\u00e9 et ne plus pouvoir faire la part des choses et ne pas s\u2019autoriser \u00e0 prendre du temps pour soi.<\/li>\n<\/ul>\n<\/div><\/div><\/div><div class=\"fusion-clearfix\"><\/div><\/div><\/div><div class=\"fusion-layout-column fusion_builder_column fusion-builder-column-3 fusion_builder_column_1_2 1_2 fusion-one-half fusion-column-last fusion-animated\" style=\"width:48%;margin-top:0px;margin-bottom:20px;\" data-animationType=\"fadeInRight\" data-animationDuration=\"0.3\" data-animationOffset=\"100%\"><div class=\"fusion-column-wrapper fusion-flex-column-wrapper-legacy\" style=\"background-position:left top;background-repeat:no-repeat;-webkit-background-size:cover;-moz-background-size:cover;-o-background-size:cover;background-size:cover;padding: 0px 0px 0px 0px;\"><div class=\"imageframe-align-center\"><span class=\" fusion-imageframe imageframe-none imageframe-2 hover-type-none\"><img decoding=\"async\" width=\"960\" height=\"634\" src=\"https:\/\/rh-ose.fr\/wp-content\/uploads\/2019\/11\/glass-ball-1746506_960_720.jpg\" class=\"img-responsive wp-image-3325\" srcset=\"https:\/\/rh-ose.fr\/wp-content\/uploads\/2019\/11\/glass-ball-1746506_960_720-200x132.jpg 200w, https:\/\/rh-ose.fr\/wp-content\/uploads\/2019\/11\/glass-ball-1746506_960_720-400x264.jpg 400w, https:\/\/rh-ose.fr\/wp-content\/uploads\/2019\/11\/glass-ball-1746506_960_720-600x396.jpg 600w, https:\/\/rh-ose.fr\/wp-content\/uploads\/2019\/11\/glass-ball-1746506_960_720-800x528.jpg 800w, https:\/\/rh-ose.fr\/wp-content\/uploads\/2019\/11\/glass-ball-1746506_960_720.jpg 960w\" sizes=\"(max-width: 800px) 100vw, 960px\" \/><\/span><\/div><div class=\"fusion-clearfix\"><\/div><\/div><\/div><div class=\"fusion-layout-column fusion_builder_column fusion-builder-column-4 fusion_builder_column_1_1 1_1 fusion-one-full fusion-column-first fusion-column-last\" style=\"margin-top:0px;margin-bottom:20px;\"><div class=\"fusion-column-wrapper fusion-flex-column-wrapper-legacy\" style=\"background-position:left top;background-repeat:no-repeat;-webkit-background-size:cover;-moz-background-size:cover;-o-background-size:cover;background-size:cover;padding: 0px 2% 0px 2%;\"><div class=\"fusion-text fusion-text-5 justify\"><p><span style=\"text-align: justify;\">&#8230;mais toute l\u2019histoire de ce qui me fait vibrer aujourd\u2019hui a commenc\u00e9 le jour o\u00f9 par la force des choses j&rsquo;ai d\u00fb \u00e9couter mon corps : il n\u2019\u00e9tait plus possible d\u2019imaginer mon quotidien de la m\u00eame mani\u00e8re.<\/span><\/p>\n<p>Il a donc \u00e9t\u00e9 vital d\u2019envisager la suite de ma vie sous un nouveau regard et c&rsquo;est \u00e0 partir de ce moment que tout a chang\u00e9 pour moi.<br \/>\nC\u2019est l\u00e0 que je r\u00e9alise que j&rsquo;ai besoin de prendre le temps de respirer, de m\u2019observer moi de regarder l\u00e0 o\u00f9 je veux aller, quelles sont mes ressources, quels sont mes objectifs<br \/>\nJ\u2019aime \u00e0 dire que c\u2019est parce que la Vie est S\u00e9rieuse qu\u2019il faut apprendre \u00e0 en jouer\u2026<br \/>\nJe d\u00e9cide alors de jouer de la vie. Et pour jouer de cet instrument s\u00e9rieux qu\u2019est la vie, l\u2019enthousiasme, la joie et l\u2019optimisme sont mes ressources.<\/p>\n<\/div><div class=\"fusion-clearfix\"><\/div><\/div><\/div><\/div><\/div><div class=\"fusion-fullwidth fullwidth-box fusion-builder-row-3 nonhundred-percent-fullwidth non-hundred-percent-height-scrolling\" style=\"background-color: rgba(255,255,255,0);background-position: left top;background-repeat: no-repeat;padding-top:4%;padding-right:0px;padding-bottom:0px;padding-left:0px;margin-bottom: 0px;margin-top: 0px;border-width: 0px 0px 0px 0px;border-color:#eae9e9;border-style:solid;\" ><div class=\"fusion-builder-row fusion-row\"><div class=\"fusion-layout-column fusion_builder_column fusion-builder-column-5 fusion_builder_column_1_2 1_2 fusion-one-half fusion-column-first fusion-animated\" style=\"width:50%;width:calc(50% - ( ( 4% ) * 0.5 ) );margin-right: 4%;margin-top:0px;margin-bottom:20px;\" data-animationType=\"fadeInLeft\" data-animationDuration=\"0.3\" data-animationOffset=\"100%\"><div class=\"fusion-column-wrapper fusion-flex-column-wrapper-legacy\" style=\"background-position:left top;background-repeat:no-repeat;-webkit-background-size:cover;-moz-background-size:cover;-o-background-size:cover;background-size:cover;padding: 0px 0px 0px 0px;\"><div class=\"imageframe-align-center\"><span class=\" fusion-imageframe imageframe-none imageframe-3 hover-type-none\"><img decoding=\"async\" width=\"960\" height=\"614\" src=\"https:\/\/rh-ose.fr\/wp-content\/uploads\/2019\/11\/hand-1599898_960_720.jpg\" class=\"img-responsive wp-image-3326\" srcset=\"https:\/\/rh-ose.fr\/wp-content\/uploads\/2019\/11\/hand-1599898_960_720-200x128.jpg 200w, https:\/\/rh-ose.fr\/wp-content\/uploads\/2019\/11\/hand-1599898_960_720-400x256.jpg 400w, https:\/\/rh-ose.fr\/wp-content\/uploads\/2019\/11\/hand-1599898_960_720-600x384.jpg 600w, https:\/\/rh-ose.fr\/wp-content\/uploads\/2019\/11\/hand-1599898_960_720-800x512.jpg 800w, https:\/\/rh-ose.fr\/wp-content\/uploads\/2019\/11\/hand-1599898_960_720.jpg 960w\" sizes=\"(max-width: 800px) 100vw, 960px\" \/><\/span><\/div><div class=\"fusion-clearfix\"><\/div><\/div><\/div><div class=\"fusion-layout-column fusion_builder_column fusion-builder-column-6 fusion_builder_column_1_2 1_2 fusion-one-half fusion-column-last\" style=\"width:50%;width:calc(50% - ( ( 4% ) * 0.5 ) );margin-top:0px;margin-bottom:0px;\"><div class=\"fusion-column-wrapper fusion-flex-column-wrapper-legacy\" style=\"background-position:left top;background-repeat:no-repeat;-webkit-background-size:cover;-moz-background-size:cover;-o-background-size:cover;background-size:cover;padding: 0px 2% 0px 2%;\"><div class=\"fusion-column-content-centered\"><div class=\"fusion-column-content\"><div class=\"fusion-text fusion-text-6\"><p><strong>Et l\u00e0, prise de pouvoir sur ma vie&#8230; <\/strong><\/p>\n<\/div><div class=\"fusion-text fusion-text-7 justify\"><p>Wahoo la prise de pouvoir sur ma vie est alors possible\u00a0?<\/p>\n<p>Donc comme tout est possible, je \u00ab\u00a0m\u2019outille\u00a0\u00bb et me forme pour acqu\u00e9rir en plus de mes comp\u00e9tences techniques et mon exp\u00e9rience, une connaissance et un savoir-faire m\u2019engageant vers de nouvelles aventures humaines en ad\u00e9quation avec ma volont\u00e9 d\u2019\u00eatre authentique.<\/p>\n<p>Et aujourd\u2019hui dans ma bo\u00eete \u00e0 outils la Sophrologie et L\u00e2cher Prise par le Rire viennent enrichir ma vie et ce que j\u2019ai envie de vous partager\u2026<\/p>\n<\/div><\/div><\/div><div class=\"fusion-clearfix\"><\/div><\/div><\/div><div class=\"fusion-layout-column fusion_builder_column fusion-builder-column-7 fusion_builder_column_1_1 1_1 fusion-one-full fusion-column-first fusion-column-last\" style=\"margin-top:0px;margin-bottom:20px;\"><div class=\"fusion-column-wrapper fusion-flex-column-wrapper-legacy\" style=\"background-position:left top;background-repeat:no-repeat;-webkit-background-size:cover;-moz-background-size:cover;-o-background-size:cover;background-size:cover;padding: 1% 2% 0px 2%;\"><div class=\"fusion-text fusion-text-8 justify\"><p>Je suis profond\u00e9ment convaincue qu&rsquo;il est essentiel de prendre soin de ceux qui font que nos entreprises cr\u00e9ent de la richesse, de l&rsquo;innovation, de l&#8217;emploi : les salari\u00e9s et ceux qui d\u00e9cident d&rsquo;entreprendre<\/p>\n<p>La performance, la r\u00e9ussite d&rsquo;une entreprise d\u00e9pendent des personnes qui y vivent au quotidien : les salari\u00e9s et les dirigeants.<\/p>\n<p>J&rsquo;ai aussi la conviction que l&rsquo;optimisme, l&rsquo;enthousiasme et le sens que l&rsquo;on met \u00e0 dans quotidien professionnel sont vecteurs d&rsquo;actions positives pour notre entreprise.<\/p>\n<p>C&rsquo;est pourquoi, aujourd\u2019hui, j&rsquo;accompagne les dirigeants des petites &amp; moyennes entreprises \u00e0 favoriser leur \u00e9panouissement personnel &amp; professionnel et celui de leur \u00e9quipe.\u00a0\u00bb<\/p>\n<\/div><div class=\"fusion-clearfix\"><\/div><\/div><\/div><\/div><\/div><div class=\"fusion-fullwidth fullwidth-box fusion-builder-row-4 nonhundred-percent-fullwidth non-hundred-percent-height-scrolling fusion-equal-height-columns\" style=\"background-color: rgba(255,255,255,0);background-position: center center;background-repeat: no-repeat;padding-top:4%;padding-right:0px;padding-bottom:0px;padding-left:0px;margin-bottom: 0px;margin-top: 0px;border-width: 0px 0px 0px 0px;border-color:#eae9e9;border-style:solid;\" ><div class=\"fusion-builder-row fusion-row\"><div class=\"fusion-layout-column fusion_builder_column fusion-builder-column-8 fusion_builder_column_1_6 1_6 fusion-one-sixth fusion-column-first\" style=\"width:16.666666666667%;width:calc(16.666666666667% - ( ( 4% + 4% ) * 0.16666666666667 ) );margin-right: 4%;margin-top:0px;margin-bottom:20px;\"><div class=\"fusion-column-wrapper fusion-flex-column-wrapper-legacy\" style=\"background-position:left top;background-repeat:no-repeat;-webkit-background-size:cover;-moz-background-size:cover;-o-background-size:cover;background-size:cover;padding: 0px 0px 0px 0px;\"><div class=\"fusion-clearfix\"><\/div><\/div><\/div><div class=\"fusion-layout-column fusion_builder_column fusion-builder-column-9 fusion_builder_column_2_3 2_3 fusion-two-third fusion-animated\" style=\"width:66.666666666667%;width:calc(66.666666666667% - ( ( 4% + 4% ) * 0.66666666666667 ) );margin-right: 4%;margin-top:0px;margin-bottom:20px;\" data-animationType=\"fadeInUp\" data-animationDuration=\"0.3\" data-animationOffset=\"100%\"><div class=\"fusion-column-wrapper fusion-flex-column-wrapper-legacy\" style=\"background-position:left top;background-repeat:no-repeat;-webkit-background-size:cover;-moz-background-size:cover;-o-background-size:cover;background-size:cover;padding: 0px 0px 5% 0px;\"><div class=\"imageframe-align-center\"><span class=\" fusion-imageframe imageframe-none imageframe-4 hover-type-none\"><img decoding=\"async\" width=\"940\" height=\"788\" src=\"https:\/\/rh-ose.fr\/wp-content\/uploads\/2020\/02\/\u00e9clat-de-rire.jpg\" class=\"img-responsive wp-image-3572\" srcset=\"https:\/\/rh-ose.fr\/wp-content\/uploads\/2020\/02\/\u00e9clat-de-rire-200x168.jpg 200w, https:\/\/rh-ose.fr\/wp-content\/uploads\/2020\/02\/\u00e9clat-de-rire-400x335.jpg 400w, https:\/\/rh-ose.fr\/wp-content\/uploads\/2020\/02\/\u00e9clat-de-rire-600x503.jpg 600w, https:\/\/rh-ose.fr\/wp-content\/uploads\/2020\/02\/\u00e9clat-de-rire-800x671.jpg 800w, https:\/\/rh-ose.fr\/wp-content\/uploads\/2020\/02\/\u00e9clat-de-rire.jpg 940w\" sizes=\"(max-width: 800px) 100vw, 940px\" \/><\/span><\/div><div class=\"fusion-clearfix\"><\/div><\/div><\/div><div class=\"fusion-layout-column fusion_builder_column fusion-builder-column-10 fusion_builder_column_1_6 1_6 fusion-one-sixth fusion-column-last\" style=\"width:16.666666666667%;width:calc(16.666666666667% - ( ( 4% + 4% ) * 0.16666666666667 ) );margin-top:0px;margin-bottom:20px;\"><div class=\"fusion-column-wrapper fusion-flex-column-wrapper-legacy\" style=\"background-position:left top;background-repeat:no-repeat;-webkit-background-size:cover;-moz-background-size:cover;-o-background-size:cover;background-size:cover;padding: 0px 0px 0px 0px;\"><div class=\"fusion-clearfix\"><\/div><\/div><\/div><div class=\"fusion-layout-column fusion_builder_column fusion-builder-column-11 fusion_builder_column_1_2 1_2 fusion-one-half fusion-column-first\" style=\"width:50%;width:calc(50% - ( ( 4% ) * 0.5 ) );margin-right: 4%;margin-top:0px;margin-bottom:20px;\"><div class=\"fusion-column-wrapper fusion-flex-column-wrapper-legacy\" style=\"background-position:left top;background-repeat:no-repeat;-webkit-background-size:cover;-moz-background-size:cover;-o-background-size:cover;background-size:cover;padding: 0px 0px 0px 0px;\"><div class=\"fusion-text fusion-text-9\"><h2 style=\"text-align: center;\">Mon engagement envers vous<br \/>\net comment je vous aide<\/h2>\n<\/div><div class=\"fusion-text fusion-text-10 justify\"><p>Je vous accompagne au plus juste en individuel ou en collectif sur mesure selon ce que vous \u00eates et vos objectifs d&rsquo;authenticit\u00e9 et d&rsquo;optimisme.<\/p>\n<p>Je cr\u00e9\u00e9e, et j&rsquo;anime des ateliers, rencontres, \u00e9v\u00e9nements et formation pour vous transmettre des outils pour que chacun puisse apprendre \u00e0 l\u00e2cher prise, \u00e0 mobiliser sa vitalit\u00e9, diminuer ou mieux vivre l&rsquo;impact des ses \u00e9motions et de son stress, d\u00e9velopper sa cr\u00e9ativit\u00e9 et son estime de soi et des autres :<\/p>\n<p>Favoriser l&rsquo;\u00e9panouissement professionnel &amp; personnel et la performance de chacun pour la r\u00e9ussite du collectif.<\/p>\n<\/div><div class=\"fusion-clearfix\"><\/div><\/div><\/div><div class=\"fusion-layout-column fusion_builder_column fusion-builder-column-12 fusion_builder_column_1_2 1_2 fusion-one-half fusion-column-last\" style=\"width:50%;width:calc(50% - ( ( 4% ) * 0.5 ) );margin-top:0px;margin-bottom:20px;\"><div class=\"fusion-column-wrapper fusion-flex-column-wrapper-legacy\" style=\"background-position:left top;background-repeat:no-repeat;-webkit-background-size:cover;-moz-background-size:cover;-o-background-size:cover;background-size:cover;padding: 0px 0px 0px 0px;\"><div class=\"fusion-text fusion-text-11\"><h2 style=\"text-align: center;\">Mes valeurs<\/h2>\n<\/div><div class=\"fusion-text fusion-text-12 justify\"><p>Professionnelle, tr\u00e8s engag\u00e9e et plus que tout passionn\u00e9e par l\u2019entreprenariat et l\u2019humain, je transmets et partage dans la joie, et la simplicit\u00e9.<\/p>\n<p>Anim\u00e9e par la conviction que notre monde professionnel peut s&rsquo;envisager avec plus d&rsquo;optimisme, d&rsquo;enthousiasme et de joie tout en restant performant, j&rsquo;aime \u00e0 accompagner celles et ceux qui me ressemblent, des femmes, des hommes, des dirigeants de TPE et PME qui ont envie de vivre mieux leur passion, de pouvoir \u00eatre au plus juste et de p\u00e9renniser leur vie d\u2019entrepreneur et l\u2019\u00e9panouissement de leur collaborateurs pour avancer et construire notre avenir tous ensemble.<\/p>\n<p>Mon aspiration est d\u2019explorer, cultiver et partager avec vous un monde professionnel o\u00f9 la joie, l\u2019optimisme et l\u2019enthousiasme sont les ma\u00eetres mots, \u00e0 envisager notre quotidien de dirigeants, d\u2019entrepreneurs et de collaborateurs sous un regard nouveau o\u00f9 la r\u00e9ussite et l\u2019atteinte de nos objectifs se font dans la gaiet\u00e9, la bonne humeur et l\u2019optimisme.<\/p>\n<\/div><div class=\"fusion-clearfix\"><\/div><\/div><\/div><\/div><\/div><\/p>\n","protected":false},"excerpt":{"rendered":"","protected":false},"author":1,"featured_media":0,"parent":0,"menu_order":0,"comment_status":"closed","ping_status":"closed","template":"100-width.php","meta":{"_exactmetrics_skip_tracking":false,"_exactmetrics_sitenote_active":false,"_exactmetrics_sitenote_note":"","_exactmetrics_sitenote_category":0,"footnotes":""},"yoast_head":"<!-- This site is optimized with the Yoast SEO plugin v24.5 - https:\/\/yoast.com\/wordpress\/plugins\/seo\/ -->\n<title>Qui suis-je - Rh-Ose<\/title>\n<meta name=\"description\" content=\"Convaincue que l\u2019optimisme que l\u2019on met dans son quotidien est aussi porteur du d\u00e9veloppement d\u2019une entreprise, j\u2019accompagne les dirigeants et leurs \u00e9quipes dans cette voie.\" \/>\n<meta name=\"robots\" content=\"index, follow, max-snippet:-1, max-image-preview:large, max-video-preview:-1\" \/>\n<link rel=\"canonical\" href=\"https:\/\/rh-ose.fr\/?page_id=3398\" \/>\n<meta property=\"og:locale\" content=\"fr_FR\" \/>\n<meta property=\"og:type\" content=\"article\" \/>\n<meta property=\"og:title\" content=\"Qui suis-je - Rh-Ose\" \/>\n<meta property=\"og:description\" content=\"Convaincue que l\u2019optimisme que l\u2019on met dans son quotidien est aussi porteur du d\u00e9veloppement d\u2019une entreprise, j\u2019accompagne les dirigeants et leurs \u00e9quipes dans cette voie.\" \/>\n<meta property=\"og:url\" content=\"https:\/\/rh-ose.fr\/?page_id=3398\" \/>\n<meta property=\"og:site_name\" content=\"Rh-Ose\" \/>\n<meta property=\"article:modified_time\" content=\"2020-11-30T15:59:16+00:00\" \/>\n<meta name=\"twitter:card\" content=\"summary_large_image\" \/>\n<meta name=\"twitter:label1\" content=\"Dur\u00e9e de lecture estim\u00e9e\" \/>\n\t<meta name=\"twitter:data1\" content=\"24 minutes\" \/>\n<script type=\"application\/ld+json\" class=\"yoast-schema-graph\">{\"@context\":\"https:\/\/schema.org\",\"@graph\":[{\"@type\":\"WebPage\",\"@id\":\"https:\/\/rh-ose.fr\/?page_id=3398\",\"url\":\"https:\/\/rh-ose.fr\/?page_id=3398\",\"name\":\"Qui suis-je - Rh-Ose\",\"isPartOf\":{\"@id\":\"https:\/\/rh-ose.fr\/#website\"},\"datePublished\":\"2019-11-14T19:59:16+00:00\",\"dateModified\":\"2020-11-30T15:59:16+00:00\",\"description\":\"Convaincue que l\u2019optimisme que l\u2019on met dans son quotidien est aussi porteur du d\u00e9veloppement d\u2019une entreprise, j\u2019accompagne les dirigeants et leurs \u00e9quipes dans cette voie.\",\"breadcrumb\":{\"@id\":\"https:\/\/rh-ose.fr\/?page_id=3398#breadcrumb\"},\"inLanguage\":\"fr-FR\",\"potentialAction\":[{\"@type\":\"ReadAction\",\"target\":[\"https:\/\/rh-ose.fr\/?page_id=3398\"]}]},{\"@type\":\"BreadcrumbList\",\"@id\":\"https:\/\/rh-ose.fr\/?page_id=3398#breadcrumb\",\"itemListElement\":[{\"@type\":\"ListItem\",\"position\":1,\"name\":\"Accueil\",\"item\":\"https:\/\/rh-ose.fr\/\"},{\"@type\":\"ListItem\",\"position\":2,\"name\":\"Qui suis-je\"}]},{\"@type\":\"WebSite\",\"@id\":\"https:\/\/rh-ose.fr\/#website\",\"url\":\"https:\/\/rh-ose.fr\/\",\"name\":\"Rh-Ose\",\"description\":\"L&#039;optimisme au coeur de votre entreprise\",\"potentialAction\":[{\"@type\":\"SearchAction\",\"target\":{\"@type\":\"EntryPoint\",\"urlTemplate\":\"https:\/\/rh-ose.fr\/?s={search_term_string}\"},\"query-input\":{\"@type\":\"PropertyValueSpecification\",\"valueRequired\":true,\"valueName\":\"search_term_string\"}}],\"inLanguage\":\"fr-FR\"}]}<\/script>\n<!-- \/ Yoast SEO plugin. -->","yoast_head_json":{"title":"Qui suis-je - Rh-Ose","description":"Convaincue que l\u2019optimisme que l\u2019on met dans son quotidien est aussi porteur du d\u00e9veloppement d\u2019une entreprise, j\u2019accompagne les dirigeants et leurs \u00e9quipes dans cette voie.","robots":{"index":"index","follow":"follow","max-snippet":"max-snippet:-1","max-image-preview":"max-image-preview:large","max-video-preview":"max-video-preview:-1"},"canonical":"https:\/\/rh-ose.fr\/?page_id=3398","og_locale":"fr_FR","og_type":"article","og_title":"Qui suis-je - Rh-Ose","og_description":"Convaincue que l\u2019optimisme que l\u2019on met dans son quotidien est aussi porteur du d\u00e9veloppement d\u2019une entreprise, j\u2019accompagne les dirigeants et leurs \u00e9quipes dans cette voie.","og_url":"https:\/\/rh-ose.fr\/?page_id=3398","og_site_name":"Rh-Ose","article_modified_time":"2020-11-30T15:59:16+00:00","twitter_card":"summary_large_image","twitter_misc":{"Dur\u00e9e de lecture estim\u00e9e":"24 minutes"},"schema":{"@context":"https:\/\/schema.org","@graph":[{"@type":"WebPage","@id":"https:\/\/rh-ose.fr\/?page_id=3398","url":"https:\/\/rh-ose.fr\/?page_id=3398","name":"Qui suis-je - Rh-Ose","isPartOf":{"@id":"https:\/\/rh-ose.fr\/#website"},"datePublished":"2019-11-14T19:59:16+00:00","dateModified":"2020-11-30T15:59:16+00:00","description":"Convaincue que l\u2019optimisme que l\u2019on met dans son quotidien est aussi porteur du d\u00e9veloppement d\u2019une entreprise, j\u2019accompagne les dirigeants et leurs \u00e9quipes dans cette voie.","breadcrumb":{"@id":"https:\/\/rh-ose.fr\/?page_id=3398#breadcrumb"},"inLanguage":"fr-FR","potentialAction":[{"@type":"ReadAction","target":["https:\/\/rh-ose.fr\/?page_id=3398"]}]},{"@type":"BreadcrumbList","@id":"https:\/\/rh-ose.fr\/?page_id=3398#breadcrumb","itemListElement":[{"@type":"ListItem","position":1,"name":"Accueil","item":"https:\/\/rh-ose.fr\/"},{"@type":"ListItem","position":2,"name":"Qui suis-je"}]},{"@type":"WebSite","@id":"https:\/\/rh-ose.fr\/#website","url":"https:\/\/rh-ose.fr\/","name":"Rh-Ose","description":"L&#039;optimisme au coeur de votre entreprise","potentialAction":[{"@type":"SearchAction","target":{"@type":"EntryPoint","urlTemplate":"https:\/\/rh-ose.fr\/?s={search_term_string}"},"query-input":{"@type":"PropertyValueSpecification","valueRequired":true,"valueName":"search_term_string"}}],"inLanguage":"fr-FR"}]}},"_links":{"self":[{"href":"https:\/\/rh-ose.fr\/index.php?rest_route=\/wp\/v2\/pages\/3398"}],"collection":[{"href":"https:\/\/rh-ose.fr\/index.php?rest_route=\/wp\/v2\/pages"}],"about":[{"href":"https:\/\/rh-ose.fr\/index.php?rest_route=\/wp\/v2\/types\/page"}],"author":[{"embeddable":true,"href":"https:\/\/rh-ose.fr\/index.php?rest_route=\/wp\/v2\/users\/1"}],"replies":[{"embeddable":true,"href":"https:\/\/rh-ose.fr\/index.php?rest_route=%2Fwp%2Fv2%2Fcomments&post=3398"}],"version-history":[{"count":5,"href":"https:\/\/rh-ose.fr\/index.php?rest_route=\/wp\/v2\/pages\/3398\/revisions"}],"predecessor-version":[{"id":3908,"href":"https:\/\/rh-ose.fr\/index.php?rest_route=\/wp\/v2\/pages\/3398\/revisions\/3908"}],"wp:attachment":[{"href":"https:\/\/rh-ose.fr\/index.php?rest_route=%2Fwp%2Fv2%2Fmedia&parent=3398"}],"curies":[{"name":"wp","href":"https:\/\/api.w.org\/{rel}","templated":true}]}}